{"id":352,"date":"2018-05-17T13:17:51","date_gmt":"2018-05-17T11:17:51","guid":{"rendered":"https:\/\/www.clinique-care.com\/?page_id=352"},"modified":"2018-11-21T10:52:01","modified_gmt":"2018-11-21T09:52:01","slug":"patients-information","status":"publish","type":"page","link":"https:\/\/www.clinique-care.com\/ru\/patients-information\/","title":{"rendered":"\u0418\u043d\u0444\u043e\u0440\u043c\u0430\u0446\u0438\u044f \u0434\u043b\u044f \u043f\u0430\u0446\u0438\u0435\u043d\u0442\u043e\u0432"},"content":{"rendered":"<p>Informations destin\u00e9s au patient<br \/>\net documents en t\u00e9l\u00e9chargement<\/p>\n<p>L&#8217;\u00e9quipe<\/p>\n<p>Lorem imsum dolores si amet<\/p>\n<p>Lorem imsum dolores si amet<\/p>\n<p>Lorem imsum dolores si amet<\/p>\n<p>Lorem imsum dolores si amet<\/p>\n<p>Lorem imsum dolores si amet<\/p>\n<p>Lorem imsum dolores si amet<\/p>\n<p>Documents<\/p>\n<p>Recommandations bloc<\/p>\n<p>Consentement \u00e9clair\u00e9 CG<\/p>\n<p>Recommandations bloc Cannes<\/p>\n<p>Recommandations bloc Palais<\/p>\n<p>Catalogue mictionnel<\/p>\n<p>Catalogue mictionnel<\/p>\n<p>R\u00e8gles di\u00e9t\u00e9tiques et calculs urinaires <\/p>\n<p>Fiche AFU<\/p>\n<p>Bilan m\u00e9tabolique<\/p>\n<p>Recueil bilan m\u00e9tabolique<\/p>\n<p>Guide enfants<\/p>\n<p>Accroche porte<\/p>\n<p>Guides enfants<\/p>\n<p>Pipi zen \/ Pipi stress<\/p>\n<p><!-- {\"name\":\"\",\"type\":\"layout\",\"children\":[{\"name\":\"Titre\",\"type\":\"section\",\"props\":{\"style\":\"default\",\"width\":\"default\",\"vertical_align\":\"middle\",\"title_position\":\"bottom-left\",\"title_rotation\":\"left\",\"title_breakpoint\":\"xl\",\"image_position\":\"center-center\",\"image\":\"wp-content\\\/uploads\\\/2018\\\/05\\\/lance-anderson-256077-unsplash.jpg\",\"padding\":\"large\",\"padding_remove_top\":false,\"media_background\":\"#baa993\",\"media_blend_mode\":\"multiply\",\"image_size\":\"cover\",\"image_effect\":\"parallax\",\"image_parallax_bgx_start\":\"-100\",\"image_parallax_bgx_end\":\"100\",\"image_parallax_bgy_start\":\"-200\",\"image_parallax_bgy_end\":\"200\",\"text_color\":\"light\",\"title\":\"Infos Patients\",\"height\":\"\"},\"children\":[{\"name\":\"\",\"type\":\"row\",\"props\":{\"fixed_width\":\"large\",\"breakpoint\":\"m\",\"layout\":\"1-1\",\"vertical_align\":true},\"children\":[{\"name\":\"\",\"type\":\"column\",\"props\":{\"widths\":[\"1-1\"],\"image_position\":\"center-center\",\"style\":\"\"},\"children\":[{\"name\":\"\",\"type\":\"headline\",\"props\":{\"title_element\":\"h1\",\"content\":\"\n\n<p>Informations <br \/>destin\\u00e9s au patient<br \/>\\net documents en t\\u00e9l\\u00e9chargement<\\\/p>\",\"title_style\":\"\",\"title_decoration\":\"line\",\"title_color\":\"\",\"text_align\":\"\",\"text_align_breakpoint\":\"\",\"text_align_fallback\":\"\",\"maxwidth\":\"\",\"maxwidth_align\":\"\",\"maxwidth_breakpoint\":\"\",\"margin\":\"\",\"animation\":\"\",\"visibility\":\"\"}}]}]}]},{\"name\":\"\",\"type\":\"section\",\"props\":{\"style\":\"muted\",\"width\":\"default\",\"vertical_align\":\"middle\",\"title_position\":\"top-left\",\"title_rotation\":\"left\",\"title_breakpoint\":\"xl\",\"image_position\":\"center-center\",\"height\":\"\",\"padding\":\"\",\"header_transparent\":\"\",\"animation\":\"\"},\"children\":[{\"name\":\"\",\"type\":\"row\",\"props\":{\"fixed_width\":\"large\",\"breakpoint\":\"m\"},\"children\":[{\"name\":\"\",\"type\":\"column\",\"props\":{\"widths\":[\"\"],\"image_position\":\"center-center\"},\"children\":[{\"name\":\"\",\"type\":\"headline\",\"props\":{\"title_element\":\"h1\",\"title_style\":\"\",\"title_decoration\":\"line\",\"title_color\":\"\",\"text_align\":\"center\",\"text_align_breakpoint\":\"\",\"text_align_fallback\":\"\",\"maxwidth\":\"\",\"maxwidth_align\":\"\",\"maxwidth_breakpoint\":\"\",\"margin\":\"\",\"animation\":\"\",\"visibility\":\"\",\"content\":\"L'\\u00e9quipe\"}}]}]},{\"name\":\"\",\"type\":\"row\",\"props\":{\"fixed_width\":\"large\",\"breakpoint\":\"m\"},\"children\":[{\"name\":\"\",\"type\":\"column\",\"props\":{\"widths\":[\"\"],\"image_position\":\"center-center\"},\"children\":[{\"name\":\"\",\"type\":\"grid\",\"props\":{\"show_title\":true,\"show_meta\":true,\"show_content\":true,\"show_image\":true,\"show_link\":true,\"grid_default\":\"1\",\"grid_medium\":\"1\",\"filter_style\":\"tab\",\"filter_all\":true,\"filter_position\":\"top\",\"filter_align\":\"left\",\"filter_grid_width\":\"auto\",\"filter_breakpoint\":\"m\",\"title_element\":\"h3\",\"meta_style\":\"meta\",\"meta_align\":\"bottom\",\"icon_ratio\":4,\"image_align\":\"top\",\"image_grid_width\":\"1-2\",\"image_breakpoint\":\"m\",\"link_text\":\"Read more\",\"link_style\":\"default\",\"margin\":\"default\",\"gutter\":\"\",\"grid_small\":\"\",\"grid_large\":\"\",\"grid_xlarge\":\"\",\"filter_margin\":\"\",\"filter_gutter\":\"\",\"title_display\":\"\",\"content_display\":\"\",\"panel_style\":\"\",\"panel_size\":\"\",\"item_maxwidth\":\"\",\"title_style\":\"\",\"title_decoration\":\"\",\"title_color\":\"\",\"meta_margin\":\"remove\",\"content_style\":\"\",\"image_border\":\"circle\",\"image_box_shadow\":\"\",\"image_hover_box_shadow\":\"\",\"icon_color\":\"\",\"image_gutter\":\"\",\"link_size\":\"\",\"text_align\":\"center\",\"text_align_breakpoint\":\"\",\"text_align_fallback\":\"\",\"maxwidth\":\"\",\"maxwidth_align\":\"\",\"maxwidth_breakpoint\":\"\",\"item_animation\":\"\",\"visibility\":\"\"},\"children\":[{\"name\":\"\",\"type\":\"grid_item\",\"props\":{\"title\":\"Docteur Ghibaudo\",\"meta\":\"Chirurgien Urologue\",\"content\":\"Lorem imsum dolores si amet\",\"image\":\"wp-content\\\/uploads\\\/2018\\\/11\\\/incognito.png\"}}]},{\"name\":\"\",\"type\":\"grid\",\"props\":{\"show_title\":true,\"show_meta\":true,\"show_content\":true,\"show_image\":true,\"show_link\":true,\"grid_default\":\"1\",\"grid_medium\":\"3\",\"filter_style\":\"tab\",\"filter_all\":true,\"filter_position\":\"top\",\"filter_align\":\"left\",\"filter_grid_width\":\"auto\",\"filter_breakpoint\":\"m\",\"title_element\":\"h3\",\"meta_style\":\"meta\",\"meta_align\":\"bottom\",\"icon_ratio\":4,\"image_align\":\"top\",\"image_grid_width\":\"1-2\",\"image_breakpoint\":\"m\",\"link_text\":\"Read more\",\"link_style\":\"default\",\"margin\":\"default\",\"gutter\":\"\",\"grid_small\":\"\",\"grid_large\":\"\",\"grid_xlarge\":\"\",\"filter_margin\":\"\",\"filter_gutter\":\"\",\"title_display\":\"\",\"content_display\":\"\",\"panel_style\":\"\",\"panel_size\":\"\",\"item_maxwidth\":\"\",\"title_style\":\"\",\"title_decoration\":\"\",\"title_color\":\"\",\"meta_margin\":\"remove\",\"content_style\":\"\",\"image_border\":\"circle\",\"image_box_shadow\":\"\",\"image_hover_box_shadow\":\"\",\"icon_color\":\"\",\"image_gutter\":\"\",\"link_size\":\"\",\"text_align\":\"center\",\"text_align_breakpoint\":\"\",\"text_align_fallback\":\"\",\"maxwidth\":\"\",\"maxwidth_align\":\"\",\"maxwidth_breakpoint\":\"\",\"item_animation\":\"\",\"visibility\":\"\"},\"children\":[{\"name\":\"\",\"type\":\"grid_item\",\"props\":{\"title\":\"Th\\u00e9r\\u00e8se\",\"meta\":\"Fonction\",\"content\":\"Lorem imsum dolores si amet\",\"image\":\"wp-content\\\/uploads\\\/2018\\\/11\\\/incognita.png\"}},{\"name\":\"\",\"type\":\"grid_item\",\"props\":{\"title\":\"Th\\u00e9r\\u00e8se\",\"meta\":\"Fonction\",\"content\":\"Lorem imsum dolores si amet\",\"image\":\"wp-content\\\/uploads\\\/2018\\\/11\\\/incognita.png\"}},{\"name\":\"\",\"type\":\"grid_item\",\"props\":{\"title\":\"Th\\u00e9r\\u00e8se\",\"meta\":\"Fonction\",\"content\":\"Lorem imsum dolores si amet\",\"image\":\"wp-content\\\/uploads\\\/2018\\\/11\\\/incognita.png\"}}]},{\"name\":\"\",\"type\":\"grid\",\"props\":{\"show_title\":true,\"show_meta\":true,\"show_content\":true,\"show_image\":true,\"show_link\":true,\"grid_default\":\"1\",\"grid_medium\":\"2\",\"filter_style\":\"tab\",\"filter_all\":true,\"filter_position\":\"top\",\"filter_align\":\"left\",\"filter_grid_width\":\"auto\",\"filter_breakpoint\":\"m\",\"title_element\":\"h3\",\"meta_style\":\"meta\",\"meta_align\":\"bottom\",\"icon_ratio\":4,\"image_align\":\"top\",\"image_grid_width\":\"1-2\",\"image_breakpoint\":\"m\",\"link_text\":\"Read more\",\"link_style\":\"default\",\"margin\":\"default\",\"gutter\":\"\",\"grid_small\":\"\",\"grid_large\":\"\",\"grid_xlarge\":\"\",\"filter_margin\":\"\",\"filter_gutter\":\"\",\"title_display\":\"\",\"content_display\":\"\",\"panel_style\":\"\",\"panel_size\":\"\",\"item_maxwidth\":\"\",\"title_style\":\"\",\"title_decoration\":\"\",\"title_color\":\"\",\"meta_margin\":\"remove\",\"content_style\":\"\",\"image_border\":\"circle\",\"image_box_shadow\":\"\",\"image_hover_box_shadow\":\"\",\"icon_color\":\"\",\"image_gutter\":\"\",\"link_size\":\"\",\"text_align\":\"center\",\"text_align_breakpoint\":\"\",\"text_align_fallback\":\"\",\"maxwidth\":\"\",\"maxwidth_align\":\"\",\"maxwidth_breakpoint\":\"\",\"item_animation\":\"\",\"visibility\":\"\"},\"children\":[{\"name\":\"\",\"type\":\"grid_item\",\"props\":{\"title\":\"Th\\u00e9r\\u00e8se\",\"meta\":\"Fonction\",\"content\":\"Lorem imsum dolores si amet\",\"image\":\"wp-content\\\/uploads\\\/2018\\\/11\\\/incognita.png\"}},{\"name\":\"\",\"type\":\"grid_item\",\"props\":{\"title\":\"Th\\u00e9r\\u00e8se\",\"meta\":\"Fonction\",\"content\":\"Lorem imsum dolores si amet\",\"image\":\"wp-content\\\/uploads\\\/2018\\\/11\\\/incognita.png\"}}]}]}]}]},{\"name\":\"\",\"type\":\"section\",\"props\":{\"style\":\"default\",\"width\":\"default\",\"vertical_align\":\"middle\",\"title_position\":\"top-left\",\"title_rotation\":\"left\",\"title_breakpoint\":\"xl\",\"image_position\":\"center-center\"},\"children\":[{\"name\":\"\",\"type\":\"row\",\"props\":{\"fixed_width\":\"large\",\"breakpoint\":\"m\"},\"children\":[{\"name\":\"\",\"type\":\"column\",\"props\":{\"widths\":[\"\"],\"image_position\":\"center-center\"},\"children\":[{\"name\":\"\",\"type\":\"headline\",\"props\":{\"title_element\":\"h2\",\"title_style\":\"\",\"title_decoration\":\"line\",\"title_color\":\"\",\"text_align\":\"\",\"text_align_breakpoint\":\"\",\"text_align_fallback\":\"\",\"maxwidth\":\"\",\"maxwidth_align\":\"\",\"maxwidth_breakpoint\":\"\",\"margin\":\"\",\"animation\":\"\",\"visibility\":\"\",\"content\":\"Documents\"}},{\"name\":\"Recommandations bloc\",\"type\":\"headline\",\"props\":{\"title_element\":\"h2\",\"title_style\":\"h3\",\"title_decoration\":\"\",\"title_color\":\"\",\"text_align\":\"\",\"text_align_breakpoint\":\"\",\"text_align_fallback\":\"\",\"maxwidth\":\"\",\"maxwidth_align\":\"\",\"maxwidth_breakpoint\":\"\",\"margin\":\"\",\"animation\":\"\",\"visibility\":\"\",\"content\":\"Recommandations bloc\"}},{\"name\":\"\",\"type\":\"list\",\"props\":{\"show_image\":true,\"show_link\":true,\"image_align\":\"left\",\"image_vertical_align\":true,\"list_style\":\"\",\"content_style\":\"\",\"image_border\":\"\",\"icon_color\":\"\",\"link_style\":\"\",\"text_align\":\"\",\"text_align_breakpoint\":\"\",\"text_align_fallback\":\"\",\"maxwidth\":\"\",\"maxwidth_align\":\"\",\"maxwidth_breakpoint\":\"\",\"margin\":\"\",\"animation\":\"\",\"visibility\":\"\"},\"children\":[{\"name\":\"\",\"type\":\"list_item\",\"props\":{\"icon_color\":\"primary\",\"content\":\"Consentement \\u00e9clair\\u00e9 CG\",\"link\":\"https:\\\/\\\/www.clinique-care.com\\\/wp-content\\\/uploads\\\/2018\\\/11\\\/Consentement-e\\u0301claire\\u0301-CG-copie.pdf\",\"icon\":\"\",\"link_target\":true}},{\"name\":\"\",\"type\":\"list_item\",\"props\":{\"icon_color\":\"primary\",\"content\":\"Recommandations bloc Cannes\",\"link\":\"https:\\\/\\\/www.clinique-care.com\\\/wp-content\\\/uploads\\\/2018\\\/11\\\/Recommandations-Bloc-CG-CANNES.pdf\",\"icon\":\"\",\"link_target\":true}},{\"name\":\"\",\"type\":\"list_item\",\"props\":{\"icon_color\":\"primary\",\"content\":\"Recommandations bloc Palais\",\"link\":\"https:\\\/\\\/www.clinique-care.com\\\/wp-content\\\/uploads\\\/2018\\\/11\\\/Recommandations-Bloc-CG-new-PALAIS.pdf\",\"icon\":\"\",\"link_target\":true}}]},{\"name\":\"Catalogue mictionnel\",\"type\":\"headline\",\"props\":{\"title_element\":\"h2\",\"title_style\":\"h3\",\"title_decoration\":\"\",\"title_color\":\"\",\"text_align\":\"\",\"text_align_breakpoint\":\"\",\"text_align_fallback\":\"\",\"maxwidth\":\"\",\"maxwidth_align\":\"\",\"maxwidth_breakpoint\":\"\",\"margin\":\"\",\"animation\":\"\",\"visibility\":\"\",\"content\":\"Catalogue mictionnel\"}},{\"name\":\"\",\"type\":\"list\",\"props\":{\"show_image\":true,\"show_link\":true,\"image_align\":\"left\",\"image_vertical_align\":true,\"list_style\":\"\",\"content_style\":\"\",\"image_border\":\"\",\"icon_color\":\"\",\"link_style\":\"\",\"text_align\":\"\",\"text_align_breakpoint\":\"\",\"text_align_fallback\":\"\",\"maxwidth\":\"\",\"maxwidth_align\":\"\",\"maxwidth_breakpoint\":\"\",\"margin\":\"\",\"animation\":\"\",\"visibility\":\"\"},\"children\":[{\"name\":\"\",\"type\":\"list_item\",\"props\":{\"icon_color\":\"primary\",\"content\":\"Catalogue mictionnel\",\"link\":\"https:\\\/\\\/www.clinique-care.com\\\/wp-content\\\/uploads\\\/2018\\\/11\\\/Catalogue-Mictionnel.pdf\",\"icon\":\"\",\"link_target\":true}}]},{\"name\":\"R\\u00e8gles di\\u00e9t\\u00e9tiques\",\"type\":\"headline\",\"props\":{\"title_element\":\"h2\",\"title_style\":\"h3\",\"title_decoration\":\"\",\"title_color\":\"\",\"text_align\":\"\",\"text_align_breakpoint\":\"\",\"text_align_fallback\":\"\",\"maxwidth\":\"\",\"maxwidth_align\":\"\",\"maxwidth_breakpoint\":\"\",\"margin\":\"\",\"animation\":\"\",\"visibility\":\"\",\"content\":\"R\\u00e8gles di\\u00e9t\\u00e9tiques et calculs urinaires \"}},{\"name\":\"\",\"type\":\"list\",\"props\":{\"show_image\":true,\"show_link\":true,\"image_align\":\"left\",\"image_vertical_align\":true,\"list_style\":\"\",\"content_style\":\"\",\"image_border\":\"\",\"icon_color\":\"\",\"link_style\":\"\",\"text_align\":\"\",\"text_align_breakpoint\":\"\",\"text_align_fallback\":\"\",\"maxwidth\":\"\",\"maxwidth_align\":\"\",\"maxwidth_breakpoint\":\"\",\"margin\":\"\",\"animation\":\"\",\"visibility\":\"\"},\"children\":[{\"name\":\"\",\"type\":\"list_item\",\"props\":{\"icon_color\":\"primary\",\"content\":\"Fiche AFU\",\"link\":\"https:\\\/\\\/www.clinique-care.com\\\/wp-content\\\/uploads\\\/2018\\\/11\\\/FICHE-AFU-PREVENTION-LITHIASE.pdf\",\"icon\":\"\",\"link_target\":true}}]},{\"name\":\"Bilan m\\u00e9tabolique\",\"type\":\"headline\",\"props\":{\"title_element\":\"h2\",\"title_style\":\"h3\",\"title_decoration\":\"\",\"title_color\":\"\",\"text_align\":\"\",\"text_align_breakpoint\":\"\",\"text_align_fallback\":\"\",\"maxwidth\":\"\",\"maxwidth_align\":\"\",\"maxwidth_breakpoint\":\"\",\"margin\":\"\",\"animation\":\"\",\"visibility\":\"\",\"content\":\"Bilan m\\u00e9tabolique\"}},{\"name\":\"\",\"type\":\"list\",\"props\":{\"show_image\":true,\"show_link\":true,\"image_align\":\"left\",\"image_vertical_align\":true,\"list_style\":\"\",\"content_style\":\"\",\"image_border\":\"\",\"icon_color\":\"\",\"link_style\":\"\",\"text_align\":\"\",\"text_align_breakpoint\":\"\",\"text_align_fallback\":\"\",\"maxwidth\":\"\",\"maxwidth_align\":\"\",\"maxwidth_breakpoint\":\"\",\"margin\":\"\",\"animation\":\"\",\"visibility\":\"\"},\"children\":[{\"name\":\"\",\"type\":\"list_item\",\"props\":{\"icon_color\":\"primary\",\"content\":\"Recueil bilan m\\u00e9tabolique\",\"link\":\"https:\\\/\\\/www.clinique-care.com\\\/wp-content\\\/uploads\\\/2018\\\/11\\\/recueil-bilan-metabolique.pdf\",\"icon\":\"\",\"link_target\":true}}]},{\"name\":\"Guide enfants\",\"type\":\"headline\",\"props\":{\"title_element\":\"h2\",\"title_style\":\"h3\",\"title_decoration\":\"\",\"title_color\":\"\",\"text_align\":\"\",\"text_align_breakpoint\":\"\",\"text_align_fallback\":\"\",\"maxwidth\":\"\",\"maxwidth_align\":\"\",\"maxwidth_breakpoint\":\"\",\"margin\":\"\",\"animation\":\"\",\"visibility\":\"\",\"content\":\"Guide enfants\"}},{\"name\":\"\",\"type\":\"list\",\"props\":{\"show_image\":true,\"show_link\":true,\"image_align\":\"left\",\"image_vertical_align\":true,\"list_style\":\"\",\"content_style\":\"\",\"image_border\":\"\",\"icon_color\":\"\",\"link_style\":\"\",\"text_align\":\"\",\"text_align_breakpoint\":\"\",\"text_align_fallback\":\"\",\"maxwidth\":\"\",\"maxwidth_align\":\"\",\"maxwidth_breakpoint\":\"\",\"margin\":\"\",\"animation\":\"\",\"visibility\":\"\"},\"children\":[{\"name\":\"\",\"type\":\"list_item\",\"props\":{\"icon_color\":\"primary\",\"content\":\"Accroche porte\",\"link\":\"https:\\\/\\\/www.clinique-care.com\\\/wp-content\\\/uploads\\\/2018\\\/11\\\/accroche-porte.pdf\",\"icon\":\"\",\"link_target\":true}},{\"name\":\"\",\"type\":\"list_item\",\"props\":{\"icon_color\":\"primary\",\"content\":\"Guides enfants\",\"link\":\"https:\\\/\\\/www.clinique-care.com\\\/wp-content\\\/uploads\\\/2018\\\/11\\\/guide_enfant.pdf\",\"icon\":\"\",\"link_target\":true}},{\"name\":\"\",\"type\":\"list_item\",\"props\":{\"icon_color\":\"primary\",\"content\":\"Pipi zen \\\/ Pipi stress\",\"link\":\"https:\\\/\\\/www.clinique-care.com\\\/wp-content\\\/uploads\\\/2018\\\/11\\\/pipizen-pipistress.pdf\",\"icon\":\"\",\"link_target\":true}}]}]}]}]}]} --><\/p>\n","protected":false},"excerpt":{"rendered":"<p>Informations destin\u00e9s au patient et documents en t\u00e9l\u00e9chargement L&#8217;\u00e9quipe Lorem imsum dolores si amet Lorem imsum dolores si amet Lorem imsum dolores si amet Lorem imsum dolores si amet Lorem imsum dolores si amet Lorem imsum dolores si amet Documents Recommandations bloc Consentement \u00e9clair\u00e9 CG Recommandations bloc Cannes Recommandations bloc Palais Catalogue mictionnel Catalogue mictionnel [&hellip;]<\/p>\n","protected":false},"author":1,"featured_media":0,"parent":0,"menu_order":0,"comment_status":"closed","ping_status":"closed","template":"","meta":{"footnotes":""},"class_list":["post-352","page","type-page","status-publish","hentry"],"_links":{"self":[{"href":"https:\/\/www.clinique-care.com\/ru\/wp-json\/wp\/v2\/pages\/352","targetHints":{"allow":["GET"]}}],"collection":[{"href":"https:\/\/www.clinique-care.com\/ru\/wp-json\/wp\/v2\/pages"}],"about":[{"href":"https:\/\/www.clinique-care.com\/ru\/wp-json\/wp\/v2\/types\/page"}],"author":[{"embeddable":true,"href":"https:\/\/www.clinique-care.com\/ru\/wp-json\/wp\/v2\/users\/1"}],"replies":[{"embeddable":true,"href":"https:\/\/www.clinique-care.com\/ru\/wp-json\/wp\/v2\/comments?post=352"}],"version-history":[{"count":4,"href":"https:\/\/www.clinique-care.com\/ru\/wp-json\/wp\/v2\/pages\/352\/revisions"}],"predecessor-version":[{"id":496,"href":"https:\/\/www.clinique-care.com\/ru\/wp-json\/wp\/v2\/pages\/352\/revisions\/496"}],"wp:attachment":[{"href":"https:\/\/www.clinique-care.com\/ru\/wp-json\/wp\/v2\/media?parent=352"}],"curies":[{"name":"wp","href":"https:\/\/api.w.org\/{rel}","templated":true}]}}