{"id":337,"date":"2018-05-17T13:19:23","date_gmt":"2018-05-17T11:19:23","guid":{"rendered":"https:\/\/www.clinique-care.com\/?page_id=337"},"modified":"2019-02-22T11:43:45","modified_gmt":"2019-02-22T10:43:45","slug":"dermatology-aesthetics","status":"publish","type":"page","link":"https:\/\/www.clinique-care.com\/ru\/dermatology-aesthetics\/","title":{"rendered":"\u0414\u0435\u0440\u043c\u0430\u0442\u043e\u043b\u043e\u0433\u0438\u044f \u2013 \u044d\u0441\u0442\u0435\u0442\u0438\u043a\u0430"},"content":{"rendered":"<h1>\n<p><strong>\u0414\u0435\u0440\u043c\u0430\u0442\u043e\u043b\u043e\u0433\u0438\u044f \u2013 \u044d\u0441\u0442\u0435\u0442\u0438\u043a\u0430<\/strong>\u00a0<br \/>\u041f\u0410\u0422\u0410\u041b\u041e\u0413\u0418\u0418<br \/>\u041b\u0415\u0427\u0415\u041d\u0418\u0415<\/p>\n<\/h1>\n<h2>\u041f\u0410\u0422\u0410\u041b\u041e\u0413\u0418\u0418<\/h2>\n<hr>\n<p><img decoding=\"async\" src=\"wp-content\/uploads\/2018\/11\/dermatlologie-esthetique.jpg\" alt=\"\"><\/p>\n<ul>\n<li>\n<h3>\u0420\u0430\u0441\u0442\u044f\u0436\u043a\u0438<\/h3>\n<div>\n<p>Les vergetures sont des affections de l\u2019\u00e9lasticit\u00e9 cutan\u00e9e qu\u2019il convient de traiter d\u00e8s leur apparition, au stade de vergetures roses, le traitement par Laser tr\u00e8s efficace \u00e0 ce stade et on parvient la plupart du temps \u00e0 les effacer, le traitement par laser sur les vergetures blanches est tr\u00e8s efficace.<\/p>\n<\/div>\n<\/li>\n<li>\n<h3>\u0411\u043e\u0440\u043e\u0434\u0430\u0432\u043a\u0438<\/h3>\n<div>\n<p>Maladie contagieuse transmise par les relations sexuelles, li\u00e9e \u00e0 un virus le Human Papilloma-Virus, une prise en charge sp\u00e9cialis\u00e9e est utile et son traitement peut \u00eatre envisag\u00e9 par l\u2019application de topiques locaux (cr\u00e8mes) par le froid ( l\u2019azote liquide) par le Laser ou directement \u00e0 l\u2019aide d\u2019un bistouri.<\/p>\n<\/div>\n<\/li>\n<li>\n<h3>\u0410\u043d\u0433\u0438\u043e\u043c\u0430<\/h3>\n<div>\n<p>Petites affections vasculaires cutan\u00e9es qui donnent des taches rouges, le Laser est tr\u00e8s efficace et fait compl\u00e8tement dispara\u00eetre ces taches.<\/p>\n<\/div>\n<\/li>\n<li>\n<h3>\u0428\u0440\u0430\u043c\u044b<\/h3>\n<div>\n<p>Trait\u00e9es tr\u00e8s efficacement par laser.<\/p>\n<\/div>\n<\/li>\n<li>\n<h3>\u042d\u043f\u0438\u0437\u0438\u043e\u0442\u043e\u043c\u0438\u0447\u0435\u0441\u043a\u0438\u0435 \u0440\u0443\u0431\u0446\u044b<\/h3>\n<div>\n<p>Le laser traite la scl\u00e9rose li\u00e9e \u00e0 ces cicatrices et permet d\u2019att\u00e9nuer les douleurs et l\u2019aspect hypertrophique<\/p>\n<\/div>\n<\/li>\n<li>\n<h3>\u041f\u0440\u0435\u0436\u0434\u0435\u0432\u0440\u0435\u043c\u0435\u043d\u043d\u043e\u0435 \u0441\u0442\u0430\u0440\u0435\u043d\u0438\u044f \u043a\u043e\u0436\u0438 <\/h3>\n<div>\n<p>Le laser r\u00e9alise un v\u00e9ritable peeling physique, en d\u00e9composant les fibres de collag\u00e8ne accumul\u00e9es avec l\u2019\u00e2ge, la peau retrouve souplesse et \u00e9lasticit\u00e9.<\/p>\n<\/div>\n<\/li>\n<li>\n<h3>\u0422\u0430\u0437\u043e\u0432\u044b\u0439 \u043c\u0438\u043a\u043e\u0437<\/h3>\n<\/li>\n<li>\n<h3>\u0424\u0438\u043c\u043e\u0437<\/h3>\n<div>\n<p>R\u00e9tr\u00e9cissement acquis ou constitutionnel du pr\u00e9puce<\/p>\n<\/div>\n<\/li>\n<li>\n<h3>\u0413\u0438\u043f\u0435\u0440\u0442\u0440\u043e\u0444\u0438\u044f \u0442\u0430\u0437\u043e\u0432\u044b\u0445 \u0433\u0443\u0431<\/h3>\n<div>\n<p>L\u2019association du laser et de la chirurgie permet de r\u00e9duire l\u2019exc\u00e8s de peau acquise \u00e0 ce niveau. On r\u00e9alise alors une labioplastie tr\u00e8s esth\u00e9tique.<\/p>\n<\/div>\n<\/li>\n<li>\n<h3>\u0421\u0443\u0445\u043e\u0441\u0442\u044c \u0432\u043b\u0430\u0433\u0430\u043b\u0438\u0449\u0430 (\u043a\u043e\u0436\u043d\u0430\u044f \u0438 \u0441\u043b\u0438\u0437\u0438\u0441\u0442\u0430\u044f)<\/h3>\n<div>\n<p>Trait\u00e9e tr\u00e8s efficacement par les lasers pelviens, particuli\u00e8rement indiqu\u00e9e pour r\u00e9tablir une lubrification vaginale en cas de contre-indication hormonale pour des femmes ayant souffert ou souffrant d\u2019une tumeur du sein.<\/p>\n<\/div>\n<\/li>\n<li>\n<h3>\u041a\u043e\u043d\u0442\u0430\u0433\u0438\u043e\u0437\u043d\u044b\u0439 \u043c\u043e\u043b\u043b\u044e\u0441\u043a<\/h3>\n<\/li>\n<li>\n<h3>\u041c\u0438\u043a\u0440\u043e\u043f\u0435\u043d\u0438\u0441<\/h3>\n<\/li>\n<li>\n<h3>\u041a\u0440\u0438\u0432\u0438\u0437\u043d\u0430 \u043f\u0435\u043d\u0438\u0441\u0430<\/h3>\n<div>\n<p>C\u2019est une maladie qui touche la membrane d\u2019albugin\u00e9e qui entoure les corps caverneux et cr\u00e9e une plaque fibreuse inextensible<\/p>\n<\/div>\n<\/li>\n<li>\n<h3>\u0422\u0430\u0437\u043e\u0432\u0430\u044f \u043f\u0438\u0433\u043c\u0435\u043d\u0442\u0430\u0446\u0438\u044f<\/h3>\n<\/li>\n<\/ul>\n<h2>\u041b\u0415\u0427\u0415\u041d\u0418\u0415<\/h2>\n<hr>\n<table>\n<tbody>\n<tr>\n<td>\u041b\u0410\u0417\u0415\u0420<\/td>\n<td>\n<p>Tous les traitements des d\u00e9sordres li\u00e9s au vieillissement cutan\u00e9 ou muqueux, aux atteintes \u00e0 l\u2019int\u00e9grit\u00e9 corporelles comme les cicatrices et aux autres affections de surcharges sont prises en charges dans leur totalit\u00e9 et dans beaucoup de cas de fa\u00e7on pluridisciplinaire.<\/p>\n<p>La premi\u00e8re consultation permettra d\u2019\u00e9tablir une liste de vos d\u00e9sirs et d\u2019\u00e9valuer les possibilit\u00e9s de traitements.<\/p>\n<p>Le laser fait partie int\u00e9grante du traitement mais n\u2019en est pas la seule option<\/p>\n<p>Une solution th\u00e9rapeutique vous sera propos\u00e9e et il vous appartiendra d\u2019en suivre les grandes lignes afin de se rapprocher des d\u00e9sirs souhait\u00e9s.<\/p>\n<\/td>\n<\/tr>\n<\/tbody>\n<\/table>\n<p><!-- {\"name\":\"\",\"type\":\"layout\",\"children\":[{\"name\":\"Titre\",\"type\":\"section\",\"props\":{\"style\":\"default\",\"width\":\"default\",\"vertical_align\":\"middle\",\"title_position\":\"bottom-left\",\"title_rotation\":\"left\",\"title_breakpoint\":\"xl\",\"image_position\":\"center-center\",\"image\":\"wp-content\\\/uploads\\\/2018\\\/05\\\/lance-anderson-256077-unsplash.jpg\",\"padding\":\"large\",\"padding_remove_top\":false,\"media_background\":\"#baa993\",\"media_blend_mode\":\"multiply\",\"image_size\":\"cover\",\"image_effect\":\"parallax\",\"image_parallax_bgx_start\":\"-100\",\"image_parallax_bgx_end\":\"100\",\"image_parallax_bgy_start\":\"-200\",\"image_parallax_bgy_end\":\"200\",\"text_color\":\"light\",\"title\":\"Prostate\",\"height\":\"\"},\"children\":[{\"name\":\"\",\"type\":\"row\",\"props\":{\"fixed_width\":\"large\",\"breakpoint\":\"m\",\"layout\":\"1-1\",\"vertical_align\":true},\"children\":[{\"name\":\"\",\"type\":\"column\",\"props\":{\"widths\":[\"1-1\"],\"image_position\":\"center-center\",\"style\":\"\",\"vertical_align\":\"middle\"},\"children\":[{\"name\":\"\",\"type\":\"headline\",\"props\":{\"title_element\":\"h1\",\"content\":\"\n\n<p><strong>\\u0414\\u0435\\u0440\\u043c\\u0430\\u0442\\u043e\\u043b\\u043e\\u0433\\u0438\\u044f \\u2013 \\u044d\\u0441\\u0442\\u0435\\u0442\\u0438\\u043a\\u0430<\\\/strong>\\u00a0<br \\\/>\\u041f\\u0410\\u0422\\u0410\\u041b\\u041e\\u0413\\u0418\\u0418<br \\\/>\\u041b\\u0415\\u0427\\u0415\\u041d\\u0418\\u0415<\\\/p>\",\"title_style\":\"\",\"title_decoration\":\"line\",\"title_color\":\"\",\"text_align\":\"\",\"text_align_breakpoint\":\"\",\"text_align_fallback\":\"\",\"maxwidth\":\"\",\"maxwidth_align\":\"\",\"maxwidth_breakpoint\":\"\",\"margin\":\"\",\"animation\":\"\",\"visibility\":\"\"}}]}]}]},{\"name\":\"Organe\",\"type\":\"section\",\"props\":{\"style\":\"default\",\"width\":\"default\",\"vertical_align\":\"middle\",\"title_position\":\"top-left\",\"title_rotation\":\"left\",\"title_breakpoint\":\"xl\",\"image_position\":\"center-center\",\"image_effect\":\"\"},\"children\":[{\"name\":\"\",\"type\":\"row\",\"props\":{\"fixed_width\":\"large\",\"breakpoint\":\"m\",\"layout\":\"1-1\"},\"children\":[{\"name\":\"\",\"type\":\"column\",\"props\":{\"widths\":[\"1-1\"],\"image_position\":\"center-center\"},\"children\":[{\"name\":\"\",\"type\":\"headline\",\"props\":{\"title_element\":\"h2\",\"content\":\"\\u041f\\u0410\\u0422\\u0410\\u041b\\u041e\\u0413\\u0418\\u0418\",\"text_align\":\"center\",\"title_decoration\":\"\",\"title_style\":\"\",\"title_color\":\"\",\"text_align_breakpoint\":\"\",\"text_align_fallback\":\"\",\"maxwidth\":\"\",\"maxwidth_align\":\"\",\"maxwidth_breakpoint\":\"\",\"margin\":\"\",\"animation\":\"\",\"visibility\":\"\"}},{\"name\":\"\",\"type\":\"divider\",\"props\":{\"divider_element\":\"hr\",\"maxwidth\":\"medium\",\"divider_style\":\"icon\",\"maxwidth_align\":\"center\"}},{\"name\":\"\",\"type\":\"image\",\"props\":{\"margin\":\"default\",\"text_align\":\"center\",\"link_target\":\"\",\"image_border\":\"\",\"image_box_shadow\":\"\",\"image_hover_box_shadow\":\"\",\"text_align_breakpoint\":\"\",\"text_align_fallback\":\"\",\"maxwidth\":\"\",\"maxwidth_align\":\"\",\"maxwidth_breakpoint\":\"\",\"animation\":\"\",\"visibility\":\"\",\"image\":\"wp-content\\\/uploads\\\/2018\\\/11\\\/dermatlologie-esthetique.jpg\",\"image_width\":\"400\",\"image_height\":\"250\"}},{\"name\":\"\",\"type\":\"grid\",\"props\":{\"show_title\":true,\"show_meta\":true,\"show_content\":true,\"show_image\":true,\"show_link\":true,\"grid_default\":\"1\",\"grid_medium\":\"2\",\"title_element\":\"h3\",\"meta_style\":\"meta\",\"meta_align\":\"bottom\",\"icon_ratio\":4,\"image_align\":\"between\",\"image_grid_width\":\"1-2\",\"image_breakpoint\":\"m\",\"link_text\":\"Plus d'infos\",\"link_style\":\"text\",\"margin\":\"default\",\"link_target\":true,\"panel_style\":\"card-hover\",\"title_style\":\"\",\"title_color\":\"primary\",\"gutter\":\"\",\"grid_small\":\"\",\"grid_large\":\"\",\"grid_xlarge\":\"\",\"filter_margin\":\"\",\"filter_gutter\":\"\",\"title_display\":\"\",\"content_display\":\"\",\"panel_size\":\"\",\"item_maxwidth\":\"\",\"title_decoration\":\"\",\"meta_margin\":\"\",\"content_style\":\"\",\"image_border\":\"\",\"image_box_shadow\":\"\",\"image_hover_box_shadow\":\"\",\"icon_color\":\"\",\"image_gutter\":\"\",\"link_size\":\"\",\"text_align\":\"\",\"text_align_breakpoint\":\"\",\"text_align_fallback\":\"\",\"maxwidth\":\"\",\"maxwidth_align\":\"\",\"maxwidth_breakpoint\":\"\",\"item_animation\":\"\",\"visibility\":\"\",\"meta_color\":\"\",\"image_box_decoration\":\"\"},\"children\":[{\"name\":\"\",\"type\":\"grid_item\",\"props\":{\"title\":\"\\u0420\\u0430\\u0441\\u0442\\u044f\\u0436\\u043a\\u0438\",\"link\":\"\",\"content\":\"\n\n<p>Les vergetures sont des affections de l\\u2019\\u00e9lasticit\\u00e9 cutan\\u00e9e qu\\u2019il convient de traiter d\\u00e8s leur apparition, au stade de vergetures roses, le traitement par Laser tr\\u00e8s efficace \\u00e0 ce stade et on parvient la plupart du temps \\u00e0 les effacer, le traitement par laser sur les vergetures blanches est tr\\u00e8s efficace.<\\\/p>\",\"image\":\"\",\"meta\":\"\"}},{\"name\":\"\",\"type\":\"grid_item\",\"props\":{\"title\":\"\\u0411\\u043e\\u0440\\u043e\\u0434\\u0430\\u0432\\u043a\\u0438\",\"content\":\"\n\n<p>Maladie contagieuse transmise par les relations sexuelles, li\\u00e9e \\u00e0 un virus le Human Papilloma-Virus, une prise en charge sp\\u00e9cialis\\u00e9e est utile et son traitement peut \\u00eatre envisag\\u00e9 par l\\u2019application de topiques locaux (cr\\u00e8mes) par le froid ( l\\u2019azote liquide) par le Laser ou directement \\u00e0 l\\u2019aide d\\u2019un bistouri.<\\\/p>\"}},{\"name\":\"\",\"type\":\"grid_item\",\"props\":{\"title\":\"\\u0410\\u043d\\u0433\\u0438\\u043e\\u043c\\u0430\",\"content\":\"\n\n<p>Petites affections vasculaires cutan\\u00e9es qui donnent des taches rouges, le Laser est tr\\u00e8s efficace et fait compl\\u00e8tement dispara\\u00eetre ces taches.<\\\/p>\"}},{\"name\":\"\",\"type\":\"grid_item\",\"props\":{\"title\":\"\\u0428\\u0440\\u0430\\u043c\\u044b\",\"content\":\"\n\n<p>Trait\\u00e9es tr\\u00e8s efficacement par laser.<\\\/p>\"}},{\"name\":\"\",\"type\":\"grid_item\",\"props\":{\"title\":\"\\u042d\\u043f\\u0438\\u0437\\u0438\\u043e\\u0442\\u043e\\u043c\\u0438\\u0447\\u0435\\u0441\\u043a\\u0438\\u0435 \\u0440\\u0443\\u0431\\u0446\\u044b\",\"content\":\"\n\n<p>Le laser traite la scl\\u00e9rose li\\u00e9e \\u00e0 ces cicatrices et permet d\\u2019att\\u00e9nuer les douleurs et l\\u2019aspect hypertrophique<\\\/p>\"}},{\"name\":\"\",\"type\":\"grid_item\",\"props\":{\"title\":\"\\u041f\\u0440\\u0435\\u0436\\u0434\\u0435\\u0432\\u0440\\u0435\\u043c\\u0435\\u043d\\u043d\\u043e\\u0435 \\u0441\\u0442\\u0430\\u0440\\u0435\\u043d\\u0438\\u044f \\u043a\\u043e\\u0436\\u0438 \",\"content\":\"\n\n<p>Le laser r\\u00e9alise un v\\u00e9ritable peeling physique, en d\\u00e9composant les fibres de collag\\u00e8ne accumul\\u00e9es avec l\\u2019\\u00e2ge, la peau retrouve souplesse et \\u00e9lasticit\\u00e9.<\\\/p>\"}},{\"name\":\"\",\"type\":\"grid_item\",\"props\":{\"title\":\"\\u0422\\u0430\\u0437\\u043e\\u0432\\u044b\\u0439 \\u043c\\u0438\\u043a\\u043e\\u0437\"}},{\"name\":\"\",\"type\":\"grid_item\",\"props\":{\"title\":\"\\u0424\\u0438\\u043c\\u043e\\u0437\",\"content\":\"\n\n<p>R\\u00e9tr\\u00e9cissement acquis ou constitutionnel du pr\\u00e9puce<\\\/p>\"}},{\"name\":\"\",\"type\":\"grid_item\",\"props\":{\"title\":\"\\u0413\\u0438\\u043f\\u0435\\u0440\\u0442\\u0440\\u043e\\u0444\\u0438\\u044f \\u0442\\u0430\\u0437\\u043e\\u0432\\u044b\\u0445 \\u0433\\u0443\\u0431\",\"content\":\"\n\n<p>L\\u2019association du laser et de la chirurgie permet de r\\u00e9duire l\\u2019exc\\u00e8s de peau acquise \\u00e0 ce niveau. On r\\u00e9alise alors une labioplastie tr\\u00e8s esth\\u00e9tique.<\\\/p>\"}},{\"name\":\"\",\"type\":\"grid_item\",\"props\":{\"title\":\"\\u0421\\u0443\\u0445\\u043e\\u0441\\u0442\\u044c \\u0432\\u043b\\u0430\\u0433\\u0430\\u043b\\u0438\\u0449\\u0430 (\\u043a\\u043e\\u0436\\u043d\\u0430\\u044f \\u0438 \\u0441\\u043b\\u0438\\u0437\\u0438\\u0441\\u0442\\u0430\\u044f)\",\"content\":\"\n\n<p>Trait\\u00e9e tr\\u00e8s efficacement par les lasers pelviens, particuli\\u00e8rement indiqu\\u00e9e pour r\\u00e9tablir une lubrification vaginale en cas de contre-indication hormonale pour des femmes ayant souffert ou souffrant d\\u2019une tumeur du sein.<\\\/p>\"}},{\"name\":\"\",\"type\":\"grid_item\",\"props\":{\"title\":\"\\u041a\\u043e\\u043d\\u0442\\u0430\\u0433\\u0438\\u043e\\u0437\\u043d\\u044b\\u0439 \\u043c\\u043e\\u043b\\u043b\\u044e\\u0441\\u043a\"}},{\"name\":\"\",\"type\":\"grid_item\",\"props\":{\"title\":\"\\u041c\\u0438\\u043a\\u0440\\u043e\\u043f\\u0435\\u043d\\u0438\\u0441\"}},{\"name\":\"\",\"type\":\"grid_item\",\"props\":{\"title\":\"\\u041a\\u0440\\u0438\\u0432\\u0438\\u0437\\u043d\\u0430 \\u043f\\u0435\\u043d\\u0438\\u0441\\u0430\",\"content\":\"\n\n<p>C\\u2019est une maladie qui touche la membrane d\\u2019albugin\\u00e9e qui entoure les corps caverneux et cr\\u00e9e une plaque fibreuse inextensible<\\\/p>\"}},{\"name\":\"\",\"type\":\"grid_item\",\"props\":{\"title\":\"\\u0422\\u0430\\u0437\\u043e\\u0432\\u0430\\u044f \\u043f\\u0438\\u0433\\u043c\\u0435\\u043d\\u0442\\u0430\\u0446\\u0438\\u044f\"}}]}]}]},{\"name\":\"\",\"type\":\"row\",\"props\":{\"fixed_width\":\"large\",\"breakpoint\":\"m\",\"layout\":\"1-1\"},\"children\":[{\"name\":\"\",\"type\":\"column\",\"props\":{\"widths\":[\"1-1\"],\"image_position\":\"center-center\"},\"children\":[{\"name\":\"\",\"type\":\"headline\",\"props\":{\"title_element\":\"h2\",\"content\":\"\\u041b\\u0415\\u0427\\u0415\\u041d\\u0418\\u0415\",\"text_align\":\"center\",\"title_decoration\":\"\",\"title_style\":\"\",\"title_color\":\"\",\"text_align_breakpoint\":\"\",\"text_align_fallback\":\"\",\"maxwidth\":\"\",\"maxwidth_align\":\"\",\"maxwidth_breakpoint\":\"\",\"margin\":\"\",\"animation\":\"\",\"visibility\":\"\"}},{\"name\":\"\",\"type\":\"divider\",\"props\":{\"divider_element\":\"hr\",\"maxwidth\":\"medium\",\"divider_style\":\"icon\",\"maxwidth_align\":\"center\"}},{\"name\":\"\",\"type\":\"table\",\"props\":{\"show_title\":true,\"show_meta\":true,\"show_content\":true,\"show_image\":true,\"show_link\":true,\"table_order\":\"1\",\"table_responsive\":\"responsive\",\"table_width_title\":\"small\",\"table_width_meta\":\"shrink\",\"meta_style\":\"meta\",\"link_text\":\"PDF\",\"link_style\":\"default\",\"link_target\":true,\"table_style\":\"divider\",\"table_hover\":true,\"table_size\":\"\",\"table_last_align\":\"\",\"table_vertical_align\":false,\"table_width_content\":\"\",\"title_style\":\"\",\"title_color\":\"\",\"content_style\":\"\",\"image_border\":\"\",\"image_box_shadow\":\"\",\"link_size\":\"\",\"text_align\":\"\",\"text_align_breakpoint\":\"\",\"text_align_fallback\":\"\",\"maxwidth\":\"\",\"maxwidth_align\":\"\",\"maxwidth_breakpoint\":\"\",\"margin\":\"\",\"animation\":\"\",\"visibility\":\"\",\"meta_color\":\"\"},\"children\":[{\"name\":\"\",\"type\":\"table_item\",\"props\":{\"title\":\"\\u041b\\u0410\\u0417\\u0415\\u0420\",\"link\":\"\",\"content\":\"\n\n<p>Tous les traitements des d\\u00e9sordres li\\u00e9s au vieillissement cutan\\u00e9 ou muqueux, aux atteintes \\u00e0 l\\u2019int\\u00e9grit\\u00e9 corporelles comme les cicatrices et aux autres affections de surcharges sont prises en charges dans leur totalit\\u00e9 et dans beaucoup de cas de fa\\u00e7on pluridisciplinaire.<\\\/p>\\n\n\n<p>La premi\\u00e8re consultation permettra d\\u2019\\u00e9tablir une liste de vos d\\u00e9sirs et d\\u2019\\u00e9valuer les possibilit\\u00e9s de traitements.<\\\/p>\\n\n\n<p>Le laser fait partie int\\u00e9grante du traitement mais n\\u2019en est pas la seule option<\\\/p>\\n\n\n<p>Une solution th\\u00e9rapeutique vous sera propos\\u00e9e et il vous appartiendra d\\u2019en suivre les grandes lignes afin de se rapprocher des d\\u00e9sirs souhait\\u00e9s.<\\\/p>\"}}]}]}]}]}],\"props\":[],\"version\":\"1.18.4\"} --><\/p>\n","protected":false},"excerpt":{"rendered":"<p>\u0414\u0435\u0440\u043c\u0430\u0442\u043e\u043b\u043e\u0433\u0438\u044f \u2013 \u044d\u0441\u0442\u0435\u0442\u0438\u043a\u0430\u00a0\u041f\u0410\u0422\u0410\u041b\u041e\u0413\u0418\u0418\u041b\u0415\u0427\u0415\u041d\u0418\u0415 \u041f\u0410\u0422\u0410\u041b\u041e\u0413\u0418\u0418 \u0420\u0430\u0441\u0442\u044f\u0436\u043a\u0438 Les vergetures sont des affections de l\u2019\u00e9lasticit\u00e9 cutan\u00e9e qu\u2019il convient de traiter d\u00e8s leur apparition, au stade de vergetures roses, le traitement par Laser tr\u00e8s efficace \u00e0 ce stade et on parvient la plupart du temps \u00e0 les effacer, le traitement par laser sur les vergetures blanches est tr\u00e8s efficace. [&hellip;]<\/p>\n","protected":false},"author":1,"featured_media":0,"parent":0,"menu_order":0,"comment_status":"closed","ping_status":"closed","template":"","meta":{"footnotes":""},"class_list":["post-337","page","type-page","status-publish","hentry"],"_links":{"self":[{"href":"https:\/\/www.clinique-care.com\/ru\/wp-json\/wp\/v2\/pages\/337","targetHints":{"allow":["GET"]}}],"collection":[{"href":"https:\/\/www.clinique-care.com\/ru\/wp-json\/wp\/v2\/pages"}],"about":[{"href":"https:\/\/www.clinique-care.com\/ru\/wp-json\/wp\/v2\/types\/page"}],"author":[{"embeddable":true,"href":"https:\/\/www.clinique-care.com\/ru\/wp-json\/wp\/v2\/users\/1"}],"replies":[{"embeddable":true,"href":"https:\/\/www.clinique-care.com\/ru\/wp-json\/wp\/v2\/comments?post=337"}],"version-history":[{"count":5,"href":"https:\/\/www.clinique-care.com\/ru\/wp-json\/wp\/v2\/pages\/337\/revisions"}],"predecessor-version":[{"id":952,"href":"https:\/\/www.clinique-care.com\/ru\/wp-json\/wp\/v2\/pages\/337\/revisions\/952"}],"wp:attachment":[{"href":"https:\/\/www.clinique-care.com\/ru\/wp-json\/wp\/v2\/media?parent=337"}],"curies":[{"name":"wp","href":"https:\/\/api.w.org\/{rel}","templated":true}]}}