{"id":333,"date":"2018-05-17T13:18:49","date_gmt":"2018-05-17T11:18:49","guid":{"rendered":"https:\/\/www.clinique-care.com\/?page_id=333"},"modified":"2019-02-22T15:34:10","modified_gmt":"2019-02-22T14:34:10","slug":"vagina","status":"publish","type":"page","link":"https:\/\/www.clinique-care.com\/ru\/vagina\/","title":{"rendered":"\u0416\u0435\u043d\u0441\u043a\u0430\u044f \u041f\u043e\u043b\u043e\u0432\u0430\u044f \u0421\u0438\u0441\u0442\u0435\u043c\u0430"},"content":{"rendered":"<h1>\n<p><strong>\u0416\u0415\u041d\u0421\u041a\u0410\u042f \u041f\u041e\u041b\u041e\u0412\u0410\u042f \u0421\u0418\u0421\u0422\u0415\u041c\u0410<\/strong>\u00a0<br \/>\u041f\u0410\u0422\u041e\u041b\u041e\u0413\u0418\u0418<br \/>\u041b\u0415\u0427\u0415\u041d\u0418\u0415<\/p>\n<\/h1>\n<h2>\u041f\u0410\u0422\u041e\u041b\u041e\u0413\u0418\u0418<\/h2>\n<hr>\n<p><img decoding=\"async\" src=\"wp-content\/uploads\/2018\/11\/vagin.jpg\" alt=\"\"><\/p>\n<ul>\n<li>\n<h3>\u0413\u0440\u0438\u0431\u043a\u043e\u0432\u044b\u0435 \u0438\u043d\u0444\u0435\u043a\u0446\u0438\u0438<\/h3>\n<\/li>\n<li>\n<h3>\u041f\u0440\u043e\u043b\u0430\u043f\u0441<\/h3>\n<\/li>\n<li>\n<h3>\u041d\u0430\u0440\u0443\u0448\u0435\u043d\u0438\u044f \u0434\u0435\u0432\u0441\u0442\u0432\u0435\u043d\u043d\u043e\u0439 \u043f\u043b\u0435\u0432\u044b<\/h3>\n<\/li>\n<li>\n<h3>\u0414\u0438\u0441\u043f\u0430\u0440\u0435\u0443\u043d\u0438\u044f<\/h3>\n<\/li>\n<li>\n<h3>\u0421\u0443\u0445\u043e\u0441\u0442\u044c \u0432\u043b\u0430\u0433\u0430\u043b\u0438\u0449\u0430<\/h3>\n<\/li>\n<li>\n<h3>\u041f\u043e\u0442\u0435\u0440\u044f \u0447\u0443\u0432\u0441\u0442\u0432\u0438\u0442\u0435\u043b\u044c\u043d\u043e\u0441\u0442\u0438 \u0438 \u0432\u043e\u0437\u0431\u0443\u0434\u0438\u043c\u043e\u0441\u0442\u0438 \u043a\u043b\u0438\u0442\u043e\u0440\u0430<\/h3>\n<\/li>\n<\/ul>\n<h2>\u041b\u0415\u0427\u0415\u041d\u0418\u0415<\/h2>\n<hr>\n<table>\n<tbody>\n<tr>\n<td>\u041b\u0435\u0447\u0435\u043d\u0438\u0435 \u043f\u0440\u043e\u043b\u0430\u043f\u0441\u0430 \u0433\u0435\u043d\u0438\u0442\u0430\u043b\u0438\u0439<\/td>\n<td><\/td>\n<td>\n        <a href=\"https:\/\/www.urofrance.org\/sites\/default\/files\/fileadmin\/documents\/data\/FI\/2012\/prolapsus-voie-vaginale\/prolapsus-voie-vaginale_1.pdf\">PDF<\/a>\n    <\/td>\n<\/tr>\n<tr>\n<td>\u041b\u0430\u043f\u0430\u0440\u043e\u0441\u043a\u043e\u043f\u0438\u0447\u0435\u0441\u043a\u043e\u0435 \u043b\u0435\u0447\u0435\u043d\u0438\u0435 \u043f\u0440\u043e\u043b\u0430\u043f\u0441\u0430<\/td>\n<td><\/td>\n<td>\n        <a href=\"https:\/\/www.urofrance.org\/sites\/default\/files\/fileadmin\/documents\/data\/FI\/2012\/prolapsus-promontofixation\/prolapsus-promontofixation_1.pdf\">PDF<\/a>\n    <\/td>\n<\/tr>\n<tr>\n<td>\u041b\u0435\u0447\u0435\u043d\u0438\u0435 \u043b\u0430\u0437\u0435\u0440\u043e\u043c<\/td>\n<td><a href=\"offres-de-soins\/\">En savoir plus<\/a><\/td>\n<td>\n        <a href=\"https:\/\/www.clinique-care.com\/wp-content\/uploads\/2018\/11\/Gynelase-FR-A4-LR.pdf\">PDF<\/a>\n    <\/td>\n<\/tr>\n<tr>\n<td>\u0412\u0430\u0433\u0438\u043d\u0430\u043b\u044c\u043d\u043e\u0435 \u043e\u043c\u043e\u043b\u043e\u0436\u0435\u043d\u0438\u0435<\/td>\n<td><a href=\"offres-de-soins\/\">En savoir plus<\/a><\/td>\n<td>\n        <a href=\"https:\/\/youtu.be\/dvnlLvM-MCA \">Vid\u00e9o<\/a>\n    <\/td>\n<\/tr>\n<tr>\n<td>\u041f\u043b\u0430\u0441\u0442\u0438\u043a\u0430 \u0443\u0437\u0434\u0435\u0447\u0435\u043a \u043f\u043e\u043b\u043e\u0432\u044b\u0445 \u0433\u0443\u0431 <\/td>\n<td>Traitement par Laser en cabinet ou sous neuro-s\u00e9dation en \u00e9tablissements de soins selon votre choix dans l\u2019H\u00f4pital Priv\u00e9 Cannes Oxford \u00e0 Cannes ou dans la Clinique du Palais de Grasse.<\/td>\n<td>\n    <\/td>\n<\/tr>\n<tr>\n<td>\u0418\u043d\u044a\u0435\u043a\u0446\u0438\u044f \u0433\u0438\u0430\u043b\u0443\u0440\u043e\u043d\u043e\u0432\u043e\u0439 \u043a\u0438\u0441\u043b\u043e\u0442\u044b<\/td>\n<td><\/td>\n<td>\n        <a href=\"offres-de-soins\/\">En savoir plus<\/a>\n    <\/td>\n<\/tr>\n<tr>\n<td>\u041b\u0435\u0447\u0435\u043d\u0438\u0435 \u0432\u043e\u043b\u043d\u0430\u043c\u0438 \u043f\u0440\u0438 \u043f\u043e\u0442\u0435\u0440\u0438 \u0447\u0443\u0432\u0441\u0442\u0432\u0438\u0442\u0435\u043b\u044c\u043d\u043e\u0441\u0442\u0438<\/td>\n<td><\/td>\n<td>\n        <a href=\"offres-de-soins\/\">En savoir plus<\/a>\n    <\/td>\n<\/tr>\n<\/tbody>\n<\/table>\n<p><!-- {\"name\":\"\",\"type\":\"layout\",\"children\":[{\"name\":\"Titre\",\"type\":\"section\",\"props\":{\"style\":\"default\",\"width\":\"default\",\"vertical_align\":\"middle\",\"title_position\":\"bottom-left\",\"title_rotation\":\"left\",\"title_breakpoint\":\"xl\",\"image_position\":\"center-center\",\"image\":\"wp-content\\\/uploads\\\/2018\\\/05\\\/lance-anderson-256077-unsplash.jpg\",\"padding\":\"large\",\"padding_remove_top\":false,\"media_background\":\"#baa993\",\"media_blend_mode\":\"multiply\",\"image_size\":\"cover\",\"image_effect\":\"parallax\",\"image_parallax_bgx_start\":\"-100\",\"image_parallax_bgx_end\":\"100\",\"image_parallax_bgy_start\":\"-200\",\"image_parallax_bgy_end\":\"200\",\"text_color\":\"light\",\"title\":\"Prostate\",\"height\":\"\"},\"children\":[{\"name\":\"\",\"type\":\"row\",\"props\":{\"fixed_width\":\"large\",\"breakpoint\":\"m\",\"layout\":\"1-1\",\"vertical_align\":true},\"children\":[{\"name\":\"\",\"type\":\"column\",\"props\":{\"widths\":[\"1-1\"],\"image_position\":\"center-center\",\"style\":\"\",\"vertical_align\":\"middle\"},\"children\":[{\"name\":\"\",\"type\":\"headline\",\"props\":{\"title_element\":\"h1\",\"content\":\"\n\n<p><strong>\\u0416\\u0415\\u041d\\u0421\\u041a\\u0410\\u042f \\u041f\\u041e\\u041b\\u041e\\u0412\\u0410\\u042f \\u0421\\u0418\\u0421\\u0422\\u0415\\u041c\\u0410<\\\/strong>\\u00a0<br \\\/>\\u041f\\u0410\\u0422\\u041e\\u041b\\u041e\\u0413\\u0418\\u0418<br \\\/>\\u041b\\u0415\\u0427\\u0415\\u041d\\u0418\\u0415<\\\/p>\",\"title_style\":\"\",\"title_decoration\":\"line\",\"title_color\":\"\",\"text_align\":\"\",\"text_align_breakpoint\":\"\",\"text_align_fallback\":\"\",\"maxwidth\":\"\",\"maxwidth_align\":\"\",\"maxwidth_breakpoint\":\"\",\"margin\":\"\",\"animation\":\"\",\"visibility\":\"\"}}]}]}]},{\"name\":\"Organe\",\"type\":\"section\",\"props\":{\"style\":\"default\",\"width\":\"default\",\"vertical_align\":\"middle\",\"title_position\":\"top-left\",\"title_rotation\":\"left\",\"title_breakpoint\":\"xl\",\"image_position\":\"center-center\",\"image_effect\":\"\"},\"children\":[{\"name\":\"\",\"type\":\"row\",\"props\":{\"fixed_width\":\"large\",\"breakpoint\":\"m\",\"layout\":\"1-1\"},\"children\":[{\"name\":\"\",\"type\":\"column\",\"props\":{\"widths\":[\"1-1\"],\"image_position\":\"center-center\"},\"children\":[{\"name\":\"\",\"type\":\"headline\",\"props\":{\"title_element\":\"h2\",\"content\":\"\\u041f\\u0410\\u0422\\u041e\\u041b\\u041e\\u0413\\u0418\\u0418\",\"text_align\":\"center\",\"title_decoration\":\"\",\"title_style\":\"\",\"title_color\":\"\",\"text_align_breakpoint\":\"\",\"text_align_fallback\":\"\",\"maxwidth\":\"\",\"maxwidth_align\":\"\",\"maxwidth_breakpoint\":\"\",\"margin\":\"\",\"animation\":\"\",\"visibility\":\"\"}},{\"name\":\"\",\"type\":\"divider\",\"props\":{\"divider_element\":\"hr\",\"maxwidth\":\"medium\",\"divider_style\":\"icon\",\"maxwidth_align\":\"center\"}},{\"name\":\"\",\"type\":\"image\",\"props\":{\"margin\":\"default\",\"text_align\":\"center\",\"link_target\":\"\",\"image_border\":\"\",\"image_box_shadow\":\"\",\"image_hover_box_shadow\":\"\",\"text_align_breakpoint\":\"\",\"text_align_fallback\":\"\",\"maxwidth\":\"\",\"maxwidth_align\":\"\",\"maxwidth_breakpoint\":\"\",\"animation\":\"\",\"visibility\":\"\",\"image\":\"wp-content\\\/uploads\\\/2018\\\/11\\\/vagin.jpg\",\"image_width\":\"400\",\"image_height\":\"250\"}},{\"name\":\"\",\"type\":\"grid\",\"props\":{\"show_title\":true,\"show_meta\":true,\"show_content\":true,\"show_image\":true,\"show_link\":true,\"grid_default\":\"1\",\"grid_medium\":\"2\",\"title_element\":\"h3\",\"meta_style\":\"meta\",\"meta_align\":\"bottom\",\"icon_ratio\":4,\"image_align\":\"between\",\"image_grid_width\":\"1-2\",\"image_breakpoint\":\"m\",\"link_text\":\"Plus d'infos\",\"link_style\":\"text\",\"margin\":\"default\",\"link_target\":true,\"panel_style\":\"card-hover\",\"title_style\":\"\",\"title_color\":\"primary\",\"gutter\":\"\",\"grid_small\":\"\",\"grid_large\":\"\",\"grid_xlarge\":\"\",\"filter_margin\":\"\",\"filter_gutter\":\"\",\"title_display\":\"\",\"content_display\":\"\",\"panel_size\":\"\",\"item_maxwidth\":\"\",\"title_decoration\":\"\",\"meta_color\":\"\",\"meta_margin\":\"\",\"content_style\":\"\",\"image_border\":\"\",\"image_box_shadow\":\"\",\"image_hover_box_shadow\":\"\",\"image_box_decoration\":\"\",\"icon_color\":\"\",\"image_gutter\":\"\",\"link_size\":\"\",\"text_align\":\"\",\"text_align_breakpoint\":\"\",\"text_align_fallback\":\"\",\"maxwidth\":\"\",\"maxwidth_align\":\"\",\"maxwidth_breakpoint\":\"\",\"item_animation\":\"\",\"visibility\":\"\"},\"children\":[{\"name\":\"\",\"type\":\"grid_item\",\"props\":{\"title\":\"\\u0413\\u0440\\u0438\\u0431\\u043a\\u043e\\u0432\\u044b\\u0435 \\u0438\\u043d\\u0444\\u0435\\u043a\\u0446\\u0438\\u0438\",\"link\":\"\",\"content\":\"\",\"image\":\"\",\"meta\":\"\"}},{\"name\":\"\",\"type\":\"grid_item\",\"props\":{\"title\":\"\\u041f\\u0440\\u043e\\u043b\\u0430\\u043f\\u0441\"}},{\"name\":\"\",\"type\":\"grid_item\",\"props\":{\"title\":\"\\u041d\\u0430\\u0440\\u0443\\u0448\\u0435\\u043d\\u0438\\u044f \\u0434\\u0435\\u0432\\u0441\\u0442\\u0432\\u0435\\u043d\\u043d\\u043e\\u0439 \\u043f\\u043b\\u0435\\u0432\\u044b\"}},{\"name\":\"\",\"type\":\"grid_item\",\"props\":{\"title\":\"\\u0414\\u0438\\u0441\\u043f\\u0430\\u0440\\u0435\\u0443\\u043d\\u0438\\u044f\"}},{\"name\":\"\",\"type\":\"grid_item\",\"props\":{\"title\":\"\\u0421\\u0443\\u0445\\u043e\\u0441\\u0442\\u044c \\u0432\\u043b\\u0430\\u0433\\u0430\\u043b\\u0438\\u0449\\u0430\"}},{\"name\":\"\",\"type\":\"grid_item\",\"props\":{\"title\":\"\\u041f\\u043e\\u0442\\u0435\\u0440\\u044f \\u0447\\u0443\\u0432\\u0441\\u0442\\u0432\\u0438\\u0442\\u0435\\u043b\\u044c\\u043d\\u043e\\u0441\\u0442\\u0438 \\u0438 \\u0432\\u043e\\u0437\\u0431\\u0443\\u0434\\u0438\\u043c\\u043e\\u0441\\u0442\\u0438 \\u043a\\u043b\\u0438\\u0442\\u043e\\u0440\\u0430\"}}]}]}]},{\"name\":\"\",\"type\":\"row\",\"props\":{\"fixed_width\":\"large\",\"breakpoint\":\"m\",\"layout\":\"1-1\"},\"children\":[{\"name\":\"\",\"type\":\"column\",\"props\":{\"widths\":[\"1-1\"],\"image_position\":\"center-center\"},\"children\":[{\"name\":\"\",\"type\":\"headline\",\"props\":{\"title_element\":\"h2\",\"content\":\"\\u041b\\u0415\\u0427\\u0415\\u041d\\u0418\\u0415\",\"text_align\":\"center\",\"title_decoration\":\"\",\"title_style\":\"\",\"title_color\":\"\",\"text_align_breakpoint\":\"\",\"text_align_fallback\":\"\",\"maxwidth\":\"\",\"maxwidth_align\":\"\",\"maxwidth_breakpoint\":\"\",\"margin\":\"\",\"animation\":\"\",\"visibility\":\"\"}},{\"name\":\"\",\"type\":\"divider\",\"props\":{\"divider_element\":\"hr\",\"maxwidth\":\"medium\",\"divider_style\":\"icon\",\"maxwidth_align\":\"center\"}},{\"name\":\"\",\"type\":\"table\",\"props\":{\"show_title\":true,\"show_meta\":true,\"show_content\":true,\"show_image\":true,\"show_link\":true,\"table_order\":\"1\",\"table_responsive\":\"responsive\",\"table_width_title\":\"shrink\",\"table_width_meta\":\"shrink\",\"meta_style\":\"meta\",\"link_text\":\"PDF\",\"link_style\":\"default\",\"link_target\":true,\"table_style\":\"divider\",\"table_hover\":true,\"table_size\":\"\",\"table_last_align\":\"right\",\"table_vertical_align\":true,\"table_width_content\":\"\",\"title_style\":\"\",\"title_color\":\"\",\"content_style\":\"\",\"image_border\":\"\",\"image_box_shadow\":\"\",\"link_size\":\"\",\"text_align\":\"\",\"text_align_breakpoint\":\"\",\"text_align_fallback\":\"\",\"maxwidth\":\"\",\"maxwidth_align\":\"\",\"maxwidth_breakpoint\":\"\",\"margin\":\"\",\"animation\":\"\",\"visibility\":\"\",\"meta_color\":\"\"},\"children\":[{\"name\":\"\",\"type\":\"table_item\",\"props\":{\"title\":\"\\u041b\\u0435\\u0447\\u0435\\u043d\\u0438\\u0435 \\u043f\\u0440\\u043e\\u043b\\u0430\\u043f\\u0441\\u0430 \\u0433\\u0435\\u043d\\u0438\\u0442\\u0430\\u043b\\u0438\\u0439\",\"link\":\"https:\\\/\\\/www.urofrance.org\\\/sites\\\/default\\\/files\\\/fileadmin\\\/documents\\\/data\\\/FI\\\/2012\\\/prolapsus-voie-vaginale\\\/prolapsus-voie-vaginale_1.pdf\"}},{\"name\":\"\",\"type\":\"table_item\",\"props\":{\"title\":\"\\u041b\\u0430\\u043f\\u0430\\u0440\\u043e\\u0441\\u043a\\u043e\\u043f\\u0438\\u0447\\u0435\\u0441\\u043a\\u043e\\u0435 \\u043b\\u0435\\u0447\\u0435\\u043d\\u0438\\u0435 \\u043f\\u0440\\u043e\\u043b\\u0430\\u043f\\u0441\\u0430\",\"link\":\"https:\\\/\\\/www.urofrance.org\\\/sites\\\/default\\\/files\\\/fileadmin\\\/documents\\\/data\\\/FI\\\/2012\\\/prolapsus-promontofixation\\\/prolapsus-promontofixation_1.pdf\"}},{\"name\":\"\",\"type\":\"table_item\",\"props\":{\"title\":\"\\u041b\\u0435\\u0447\\u0435\\u043d\\u0438\\u0435 \\u043b\\u0430\\u0437\\u0435\\u0440\\u043e\\u043c\",\"link\":\"https:\\\/\\\/www.clinique-care.com\\\/wp-content\\\/uploads\\\/2018\\\/11\\\/Gynelase-FR-A4-LR.pdf\",\"link_text\":\"PDF\",\"content\":\"<a href=\\\"offres-de-soins\\\/\\\">En savoir plus<\\\/a>\"}},{\"name\":\"\",\"type\":\"table_item\",\"props\":{\"title\":\"\\u0412\\u0430\\u0433\\u0438\\u043d\\u0430\\u043b\\u044c\\u043d\\u043e\\u0435 \\u043e\\u043c\\u043e\\u043b\\u043e\\u0436\\u0435\\u043d\\u0438\\u0435\",\"link\":\"https:\\\/\\\/youtu.be\\\/dvnlLvM-MCA \",\"link_text\":\"Vid\\u00e9o\",\"content\":\"<a href=\\\"offres-de-soins\\\/\\\">En savoir plus<\\\/a>\"}},{\"name\":\"\",\"type\":\"table_item\",\"props\":{\"title\":\"\\u041f\\u043b\\u0430\\u0441\\u0442\\u0438\\u043a\\u0430 \\u0443\\u0437\\u0434\\u0435\\u0447\\u0435\\u043a \\u043f\\u043e\\u043b\\u043e\\u0432\\u044b\\u0445 \\u0433\\u0443\\u0431 \",\"content\":\"Traitement par Laser en cabinet ou sous neuro-s\\u00e9dation en \\u00e9tablissements de soins selon votre choix dans l\\u2019H\\u00f4pital Priv\\u00e9 Cannes Oxford \\u00e0 Cannes ou dans la Clinique du Palais de Grasse.\"}},{\"name\":\"\",\"type\":\"table_item\",\"props\":{\"title\":\"\\u0418\\u043d\\u044a\\u0435\\u043a\\u0446\\u0438\\u044f \\u0433\\u0438\\u0430\\u043b\\u0443\\u0440\\u043e\\u043d\\u043e\\u0432\\u043e\\u0439 \\u043a\\u0438\\u0441\\u043b\\u043e\\u0442\\u044b\",\"link\":\"offres-de-soins\\\/\",\"link_text\":\"En savoir plus\"}},{\"name\":\"\",\"type\":\"table_item\",\"props\":{\"title\":\"\\u041b\\u0435\\u0447\\u0435\\u043d\\u0438\\u0435 \\u0432\\u043e\\u043b\\u043d\\u0430\\u043c\\u0438 \\u043f\\u0440\\u0438 \\u043f\\u043e\\u0442\\u0435\\u0440\\u0438 \\u0447\\u0443\\u0432\\u0441\\u0442\\u0432\\u0438\\u0442\\u0435\\u043b\\u044c\\u043d\\u043e\\u0441\\u0442\\u0438\",\"link\":\"offres-de-soins\\\/\",\"link_text\":\"En savoir plus\"}}]}]}]}]}],\"props\":[],\"version\":\"1.18.4\"} --><\/p>\n","protected":false},"excerpt":{"rendered":"<p>\u0416\u0415\u041d\u0421\u041a\u0410\u042f \u041f\u041e\u041b\u041e\u0412\u0410\u042f \u0421\u0418\u0421\u0422\u0415\u041c\u0410\u00a0\u041f\u0410\u0422\u041e\u041b\u041e\u0413\u0418\u0418\u041b\u0415\u0427\u0415\u041d\u0418\u0415 \u041f\u0410\u0422\u041e\u041b\u041e\u0413\u0418\u0418 \u0413\u0440\u0438\u0431\u043a\u043e\u0432\u044b\u0435 \u0438\u043d\u0444\u0435\u043a\u0446\u0438\u0438 \u041f\u0440\u043e\u043b\u0430\u043f\u0441 \u041d\u0430\u0440\u0443\u0448\u0435\u043d\u0438\u044f \u0434\u0435\u0432\u0441\u0442\u0432\u0435\u043d\u043d\u043e\u0439 \u043f\u043b\u0435\u0432\u044b \u0414\u0438\u0441\u043f\u0430\u0440\u0435\u0443\u043d\u0438\u044f \u0421\u0443\u0445\u043e\u0441\u0442\u044c \u0432\u043b\u0430\u0433\u0430\u043b\u0438\u0449\u0430 \u041f\u043e\u0442\u0435\u0440\u044f \u0447\u0443\u0432\u0441\u0442\u0432\u0438\u0442\u0435\u043b\u044c\u043d\u043e\u0441\u0442\u0438 \u0438 \u0432\u043e\u0437\u0431\u0443\u0434\u0438\u043c\u043e\u0441\u0442\u0438 \u043a\u043b\u0438\u0442\u043e\u0440\u0430 \u041b\u0415\u0427\u0415\u041d\u0418\u0415 \u041b\u0435\u0447\u0435\u043d\u0438\u0435 \u043f\u0440\u043e\u043b\u0430\u043f\u0441\u0430 \u0433\u0435\u043d\u0438\u0442\u0430\u043b\u0438\u0439 PDF \u041b\u0430\u043f\u0430\u0440\u043e\u0441\u043a\u043e\u043f\u0438\u0447\u0435\u0441\u043a\u043e\u0435 \u043b\u0435\u0447\u0435\u043d\u0438\u0435 \u043f\u0440\u043e\u043b\u0430\u043f\u0441\u0430 PDF \u041b\u0435\u0447\u0435\u043d\u0438\u0435 \u043b\u0430\u0437\u0435\u0440\u043e\u043c En savoir plus PDF \u0412\u0430\u0433\u0438\u043d\u0430\u043b\u044c\u043d\u043e\u0435 \u043e\u043c\u043e\u043b\u043e\u0436\u0435\u043d\u0438\u0435 En savoir plus Vid\u00e9o \u041f\u043b\u0430\u0441\u0442\u0438\u043a\u0430 \u0443\u0437\u0434\u0435\u0447\u0435\u043a \u043f\u043e\u043b\u043e\u0432\u044b\u0445 \u0433\u0443\u0431 Traitement par Laser en cabinet ou sous neuro-s\u00e9dation en \u00e9tablissements de soins [&hellip;]<\/p>\n","protected":false},"author":1,"featured_media":0,"parent":0,"menu_order":0,"comment_status":"closed","ping_status":"closed","template":"","meta":{"footnotes":""},"class_list":["post-333","page","type-page","status-publish","hentry"],"_links":{"self":[{"href":"https:\/\/www.clinique-care.com\/ru\/wp-json\/wp\/v2\/pages\/333","targetHints":{"allow":["GET"]}}],"collection":[{"href":"https:\/\/www.clinique-care.com\/ru\/wp-json\/wp\/v2\/pages"}],"about":[{"href":"https:\/\/www.clinique-care.com\/ru\/wp-json\/wp\/v2\/types\/page"}],"author":[{"embeddable":true,"href":"https:\/\/www.clinique-care.com\/ru\/wp-json\/wp\/v2\/users\/1"}],"replies":[{"embeddable":true,"href":"https:\/\/www.clinique-care.com\/ru\/wp-json\/wp\/v2\/comments?post=333"}],"version-history":[{"count":5,"href":"https:\/\/www.clinique-care.com\/ru\/wp-json\/wp\/v2\/pages\/333\/revisions"}],"predecessor-version":[{"id":998,"href":"https:\/\/www.clinique-care.com\/ru\/wp-json\/wp\/v2\/pages\/333\/revisions\/998"}],"wp:attachment":[{"href":"https:\/\/www.clinique-care.com\/ru\/wp-json\/wp\/v2\/media?parent=333"}],"curies":[{"name":"wp","href":"https:\/\/api.w.org\/{rel}","templated":true}]}}