{"id":331,"date":"2018-05-17T13:18:40","date_gmt":"2018-05-17T11:18:40","guid":{"rendered":"https:\/\/www.clinique-care.com\/?page_id=331"},"modified":"2019-03-12T11:16:58","modified_gmt":"2019-03-12T10:16:58","slug":"penis","status":"publish","type":"page","link":"https:\/\/www.clinique-care.com\/ru\/penis\/","title":{"rendered":"\u041c\u0443\u0436\u0441\u043a\u043e\u0439 \u043f\u043e\u043b\u043e\u0432\u043e\u0439 \u0447\u043b\u0435\u043d"},"content":{"rendered":"<h1>\n<p><strong>\u041c\u0443\u0436\u0441\u043a\u043e\u0439 \u043f\u043e\u043b\u043e\u0432\u043e\u0439 \u0447\u043b\u0435\u043d<\/strong>\u00a0<br \/>\u041f\u0410\u0422\u041e\u041b\u041e\u0413\u0418\u0418<br \/>\u041b\u0415\u0427\u0415\u041d\u0418\u0415<\/p>\n<\/h1>\n<h2>\u041f\u0410\u0422\u041e\u041b\u041e\u0413\u0418\u0418<\/h2>\n<hr>\n<p><img decoding=\"async\" src=\"wp-content\/uploads\/2018\/11\/verge.jpg\" alt=\"\"><\/p>\n<ul>\n<li>\n<h3>\u0420\u0430\u043a<\/h3>\n<p><a href=\"https:\/\/www.urofrance.org\/sites\/default\/files\/fileadmin\/documents\/data\/FI\/2011\/cancer-penis\/main_1.pdf\">Plus d&#8217;infos<\/a><\/p>\n<\/li>\n<li>\n<h3>\u0418\u0437\u043c\u0435\u043d\u0435\u043d\u0438\u0435 \u0434\u043b\u0438\u043d\u044b \u043c\u0443\u0436\u0441\u043a\u043e\u0433\u043e \u043f\u043e\u043b\u043e\u0432\u043e\u0433\u043e \u0447\u043b\u0435\u043d\u0430<\/h3>\n<\/li>\n<li>\n<h3>\u041f\u0430\u0440\u0430\u0444\u0438\u043c\u043e\u0437<\/h3>\n<div>\n<p>Apr\u00e8s un d\u00e9calotage, impossibilit\u00e9 de recaloter avec douleurs irritations et \u0153d\u00e8me du pr\u00e9puce, peut justifier d\u2019une posthectomie (circoncision) en urgence.<\/p>\n<\/div>\n<\/li>\n<li>\n<h3>\u0413\u0438\u043f\u043e\u0441\u043f\u0430\u0434\u0438\u044f<\/h3>\n<div>\n<p>Troubles de l\u2019abouchement du canal urinaire l\u2019ur\u00e8tre<\/p>\n<\/div>\n<\/li>\n<li>\n<h3>\u0420\u0430\u0437\u0440\u044b\u0432 \u043a\u0430\u0432\u0435\u0440\u043d\u043e\u0437\u043d\u044b\u0445 \u0442\u0435\u043b<\/h3>\n<div>\n<p>Fracture de la membrane qui entoure les corps caverneux, survient sur une verge en \u00e9rection<\/p>\n<\/div>\n<\/li>\n<li>\n<h3>\u0411\u043e\u043b\u0435\u0437\u043d\u044c \u041f\u0435\u0439\u0440\u043e\u043d\u0438<\/h3>\n<div>\n<p>Coudure de la verge par plaque fibreuse d\u00e9velopp\u00e9e sur la membrane qui entoure les corps caverneux, l\u2019albugin\u00e9e<\/p>\n<\/div>\n<\/li>\n<li>\n<h3>\u041f\u0440\u0438\u0430\u043f\u0438\u0437\u043c<\/h3>\n<div>\n<p>Erection permanente de cause soit veineuse soit art\u00e9rielle<\/p>\n<\/div>\n<\/li>\n<li>\n<h3>\u042d\u0440\u0435\u043a\u0442\u0438\u043b\u044c\u043d\u0430\u044f \u0434\u0438\u0441\u0444\u0443\u043d\u043a\u0446\u0438\u044f<\/h3>\n<div>\n<p>Troubles de l\u2019\u00e9rection de causes multifactorielles<\/p>\n<\/div>\n<\/li>\n<\/ul>\n<h2>\u041b\u0415\u0427\u0415\u041d\u0418\u0415<\/h2>\n<hr>\n<table>\n<tbody>\n<tr>\n<td>\u041f\u0435\u043d\u0438\u043b\u044c\u043d\u044b\u0435 \u0438\u043c\u043f\u043b\u0430\u043d\u0442\u044b<\/td>\n<td>\n        <a href=\"https:\/\/www.urofrance.org\/sites\/default\/files\/fileadmin\/documents\/data\/FI\/2012\/implant-penien\/implant-penien_1.pdf\">PDF<\/a>\n    <\/td>\n<\/tr>\n<tr>\n<td>\u0427\u0430\u0441\u0442\u0438\u0447\u043d\u0430\u044f \u043f\u0435\u043d\u044d\u043a\u0442\u043e\u043c\u0438\u044f<\/td>\n<td>\n        <a href=\"https:\/\/www.urofrance.org\/sites\/default\/files\/fileadmin\/documents\/data\/FI\/2012\/penectomie-partielle\/penectomie-partielle_1.pdf\">PDF<\/a>\n    <\/td>\n<\/tr>\n<tr>\n<td>\u0420\u0430\u0434\u0438\u043a\u0430\u043b\u044c\u043d\u0430\u044f \u043f\u0435\u043d\u044d\u043a\u0442\u043e\u043c\u0438\u044f<\/td>\n<td>\n        <a href=\"https:\/\/www.urofrance.org\/sites\/default\/files\/fileadmin\/documents\/data\/FI\/2012\/penectomie-totale\/penectomie-totale_1.pdf\">PDF<\/a>\n    <\/td>\n<\/tr>\n<tr>\n<td>\u041f\u043b\u0430\u0441\u0442\u0438\u043a\u0430 \u043f\u043e\u043b\u043e\u0432\u043e\u0433\u043e \u0447\u043b\u0435\u043d\u0430<\/td>\n<td>\n        <a href=\"https:\/\/www.urofrance.org\/sites\/default\/files\/fileadmin\/documents\/data\/FI\/2012\/plastie-du-frein\/plastie-du-frein_1.pdf\">PDF<\/a>\n    <\/td>\n<\/tr>\n<tr>\n<td>\u041e\u0431\u0440\u0435\u0437\u0430\u043d\u0438\u0435 \u0443 \u0432\u0437\u0440\u043e\u0441\u043b\u044b\u0445<\/td>\n<td>\n        <a href=\"https:\/\/www.urofrance.org\/sites\/default\/files\/fileadmin\/documents\/data\/FI\/2012\/posthectomie-adulte\/posthectomie-adulte_1.pdf\">PDF<\/a>\n    <\/td>\n<\/tr>\n<tr>\n<td>\u041e\u0431\u0440\u0435\u0437\u0430\u043d\u0438\u0435 \u0443 \u0434\u0435\u0442\u0435\u0439<\/td>\n<td>\n        <a href=\"https:\/\/www.urofrance.org\/sites\/default\/files\/fileadmin\/documents\/data\/FI\/2012\/posthectomie-enfant\/posthectomie-enfant_1.pdf\">PDF<\/a>\n    <\/td>\n<\/tr>\n<tr>\n<td>\u041f\u0440\u0438\u0430\u043f\u0438\u0437\u043c<\/td>\n<td>\n        <a href=\"https:\/\/www.urofrance.org\/sites\/default\/files\/fileadmin\/documents\/data\/FI\/2012\/shunt-spongio-caverneux\/shunt-spongio-caverneux_1.pdf\">PDF<\/a>\n    <\/td>\n<\/tr>\n<tr>\n<td>\u041a\u043e\u0440\u0440\u0435\u043a\u0446\u0438\u044f \u0438\u0441\u043a\u0440\u0438\u0432\u043b\u0435\u043d\u0438\u044f \u043f\u0435\u043d\u0438\u0441\u0430 \u0441 \u043f\u043e\u043c\u043e\u0449\u044c\u044e \u0440\u0430\u0437\u0440\u0435\u0437\u0430 \u0438 \u0442\u0440\u0430\u043d\u0441\u043f\u043b\u0430\u043d\u0442\u0430\u0442\u0430<\/td>\n<td>\n        <a href=\"https:\/\/www.urofrance.org\/sites\/default\/files\/fileadmin\/documents\/data\/FI\/2012\/maladie-de-lapeyronie-incision-greffe\/maladie-de-lapeyronie-incision-greffe_1.pdf\">PDF<\/a>\n    <\/td>\n<\/tr>\n<tr>\n<td>\u041a\u043e\u0440\u0440\u0435\u043a\u0446\u0438\u044f \u0438\u0441\u043a\u0440\u0438\u0432\u043b\u0435\u043d\u0438\u044f \u043f\u043e\u043b\u043e\u0432\u043e\u0433\u043e \u0447\u043b\u0435\u043d\u0430<\/td>\n<td>\n        <a href=\"https:\/\/www.urofrance.org\/sites\/default\/files\/fileadmin\/documents\/data\/FI\/2012\/maladie-de-lapeyronie-nesbit-yachia\/maladie-de-lapeyronie-nesbit-yachia_1.pdf\">PDF<\/a>\n    <\/td>\n<\/tr>\n<tr>\n<td>\u0425\u0438\u0440\u0443\u0440\u0433\u0438\u0447\u0435\u0441\u043a\u043e\u0435 \u043b\u0435\u0447\u0435\u043d\u0438\u0435 \u043a\u0430\u0432\u0435\u0440\u043d\u043e\u0437\u043d\u044b\u0445 \u0442\u0435\u043b<\/td>\n<td>\n        <a href=\"https:\/\/www.urofrance.org\/sites\/default\/files\/fileadmin\/documents\/data\/FI\/2012\/fracture-corps-erectile\/fracture-corps-erectile_1.pdf\">PDF<\/a>\n    <\/td>\n<\/tr>\n<tr>\n<td>\u0420\u0435\u0437\u0435\u043a\u0446\u0438\u044f \u0441 \u0430\u043d\u0430\u0441\u0442\u043e\u043c\u043e\u0437\u043e\u043c<\/td>\n<td>\n        <a href=\"https:\/\/www.urofrance.org\/sites\/default\/files\/fileadmin\/documents\/data\/FI\/2012\/resection-stenose-uretre\/resection-stenose-uretre_1.pdf\">PDF<\/a>\n    <\/td>\n<\/tr>\n<tr>\n<td>\u0413\u043e\u0440\u043c\u043e\u043d\u0430\u043b\u044c\u043d\u043e\u0435 \u043b\u0435\u0447\u0435\u043d\u0438\u0435 \u044d\u0440\u0435\u043a\u0442\u0438\u043b\u044c\u043d\u043e\u0439 \u0434\u0438\u0441\u0444\u0443\u043d\u043a\u0446\u0438\u0438<\/td>\n<td>\n    <\/td>\n<\/tr>\n<tr>\n<td>\u041b\u0435\u043a\u0430\u0440\u0441\u0442\u0432\u0435\u043d\u043d\u043e\u0435 \u043b\u0435\u0447\u0435\u043d\u0438\u0435 \u044d\u0440\u0435\u043a\u0442\u0438\u043b\u044c\u043d\u043e\u0439 \u0434\u0438\u0441\u0444\u0443\u043d\u043a\u0446\u0438\u0438<\/td>\n<td>\n    <\/td>\n<\/tr>\n<tr>\n<td>\u041b\u0435\u0447\u0435\u043d\u0438\u044f \u044d\u0440\u0435\u043a\u0442\u0438\u043b\u044c\u043d\u043e\u0439 \u0434\u0438\u0441\u0444\u0443\u043d\u043a\u0446\u0438\u0438 \u0448\u043e\u043a\u043e\u0432\u043e\u0439 \u0432\u043e\u043b\u043d\u043e\u0439<\/td>\n<td>\n    <\/td>\n<\/tr>\n<\/tbody>\n<\/table>\n<p><!-- {\"name\":\"\",\"type\":\"layout\",\"children\":[{\"name\":\"Titre\",\"type\":\"section\",\"props\":{\"style\":\"default\",\"width\":\"default\",\"vertical_align\":\"middle\",\"title_position\":\"bottom-left\",\"title_rotation\":\"left\",\"title_breakpoint\":\"xl\",\"image_position\":\"center-center\",\"image\":\"wp-content\\\/uploads\\\/2018\\\/05\\\/lance-anderson-256077-unsplash.jpg\",\"padding\":\"large\",\"padding_remove_top\":false,\"media_background\":\"#baa993\",\"media_blend_mode\":\"multiply\",\"image_size\":\"cover\",\"image_effect\":\"parallax\",\"image_parallax_bgx_start\":\"-100\",\"image_parallax_bgx_end\":\"100\",\"image_parallax_bgy_start\":\"-200\",\"image_parallax_bgy_end\":\"200\",\"text_color\":\"light\",\"title\":\"Prostate\",\"height\":\"\"},\"children\":[{\"name\":\"\",\"type\":\"row\",\"props\":{\"fixed_width\":\"large\",\"breakpoint\":\"m\",\"layout\":\"1-1\",\"vertical_align\":true},\"children\":[{\"name\":\"\",\"type\":\"column\",\"props\":{\"widths\":[\"1-1\"],\"image_position\":\"center-center\",\"style\":\"\",\"vertical_align\":\"middle\",\"media_overlay_gradient\":\"\"},\"children\":[{\"name\":\"\",\"type\":\"headline\",\"props\":{\"title_element\":\"h1\",\"content\":\"\n\n<p><strong>\\u041c\\u0443\\u0436\\u0441\\u043a\\u043e\\u0439 \\u043f\\u043e\\u043b\\u043e\\u0432\\u043e\\u0439 \\u0447\\u043b\\u0435\\u043d<\\\/strong>\\u00a0<br \\\/>\\u041f\\u0410\\u0422\\u041e\\u041b\\u041e\\u0413\\u0418\\u0418<br \\\/>\\u041b\\u0415\\u0427\\u0415\\u041d\\u0418\\u0415<\\\/p>\",\"title_style\":\"\",\"title_decoration\":\"line\",\"title_color\":\"\",\"text_align\":\"\",\"text_align_breakpoint\":\"\",\"text_align_fallback\":\"\",\"maxwidth\":\"\",\"maxwidth_align\":\"\",\"maxwidth_breakpoint\":\"\",\"margin\":\"\",\"animation\":\"\",\"visibility\":\"\"}}]}]}]},{\"name\":\"Organe\",\"type\":\"section\",\"props\":{\"style\":\"default\",\"width\":\"default\",\"vertical_align\":\"middle\",\"title_position\":\"top-left\",\"title_rotation\":\"left\",\"title_breakpoint\":\"xl\",\"image_position\":\"center-center\",\"image_effect\":\"\"},\"children\":[{\"name\":\"\",\"type\":\"row\",\"props\":{\"fixed_width\":\"large\",\"breakpoint\":\"m\",\"layout\":\"1-1\"},\"children\":[{\"name\":\"\",\"type\":\"column\",\"props\":{\"widths\":[\"1-1\"],\"image_position\":\"center-center\",\"media_overlay_gradient\":\"\"},\"children\":[{\"name\":\"\",\"type\":\"headline\",\"props\":{\"title_element\":\"h2\",\"content\":\"\\u041f\\u0410\\u0422\\u041e\\u041b\\u041e\\u0413\\u0418\\u0418\",\"text_align\":\"center\",\"title_decoration\":\"\",\"title_style\":\"\",\"title_color\":\"\",\"text_align_breakpoint\":\"\",\"text_align_fallback\":\"\",\"maxwidth\":\"\",\"maxwidth_align\":\"\",\"maxwidth_breakpoint\":\"\",\"margin\":\"\",\"animation\":\"\",\"visibility\":\"\"}},{\"name\":\"\",\"type\":\"divider\",\"props\":{\"divider_element\":\"hr\",\"maxwidth\":\"medium\",\"divider_style\":\"icon\",\"maxwidth_align\":\"center\"}},{\"name\":\"\",\"type\":\"image\",\"props\":{\"margin\":\"default\",\"text_align\":\"center\",\"link_target\":\"\",\"image_border\":\"\",\"image_box_shadow\":\"\",\"image_hover_box_shadow\":\"\",\"text_align_breakpoint\":\"\",\"text_align_fallback\":\"\",\"maxwidth\":\"\",\"maxwidth_align\":\"\",\"maxwidth_breakpoint\":\"\",\"animation\":\"\",\"visibility\":\"\",\"image\":\"wp-content\\\/uploads\\\/2018\\\/11\\\/verge.jpg\",\"image_width\":\"400\",\"image_height\":\"250\",\"image_svg_color\":\"emphasis\"}},{\"name\":\"\",\"type\":\"grid\",\"props\":{\"show_title\":true,\"show_meta\":true,\"show_content\":true,\"show_image\":true,\"show_link\":true,\"grid_default\":\"1\",\"grid_medium\":\"2\",\"title_element\":\"h3\",\"meta_style\":\"meta\",\"meta_align\":\"bottom\",\"icon_ratio\":4,\"image_align\":\"between\",\"image_grid_width\":\"1-2\",\"image_breakpoint\":\"m\",\"link_text\":\"Plus d'infos\",\"link_style\":\"text\",\"margin\":\"default\",\"link_target\":true,\"panel_style\":\"card-hover\",\"title_style\":\"\",\"title_color\":\"primary\",\"gutter\":\"\",\"grid_small\":\"\",\"grid_large\":\"\",\"grid_xlarge\":\"\",\"filter_margin\":\"\",\"filter_gutter\":\"\",\"title_display\":\"\",\"content_display\":\"\",\"panel_size\":\"\",\"item_maxwidth\":\"\",\"title_decoration\":\"\",\"meta_margin\":\"\",\"content_style\":\"\",\"image_border\":\"\",\"image_box_shadow\":\"\",\"image_hover_box_shadow\":\"\",\"icon_color\":\"\",\"image_gutter\":\"\",\"link_size\":\"\",\"text_align\":\"\",\"text_align_breakpoint\":\"\",\"text_align_fallback\":\"\",\"maxwidth\":\"\",\"maxwidth_align\":\"\",\"maxwidth_breakpoint\":\"\",\"item_animation\":\"\",\"visibility\":\"\",\"filter_style\":\"tab\",\"filter_all\":true,\"filter_position\":\"top\",\"filter_align\":\"left\",\"filter_grid_width\":\"auto\",\"filter_breakpoint\":\"m\",\"image_svg_color\":\"emphasis\",\"title_margin\":\"\",\"meta_color\":\"\",\"content_margin\":\"\",\"image_box_decoration\":\"\",\"image_margin\":\"\",\"link_margin\":\"\"},\"children\":[{\"name\":\"\",\"type\":\"grid_item\",\"props\":{\"title\":\"\\u0420\\u0430\\u043a\",\"image\":\"\",\"link\":\"https:\\\/\\\/www.urofrance.org\\\/sites\\\/default\\\/files\\\/fileadmin\\\/documents\\\/data\\\/FI\\\/2011\\\/cancer-penis\\\/main_1.pdf\",\"content\":\"\"}},{\"name\":\"\",\"type\":\"grid_item\",\"props\":{\"title\":\"\\u0418\\u0437\\u043c\\u0435\\u043d\\u0435\\u043d\\u0438\\u0435 \\u0434\\u043b\\u0438\\u043d\\u044b \\u043c\\u0443\\u0436\\u0441\\u043a\\u043e\\u0433\\u043e \\u043f\\u043e\\u043b\\u043e\\u0432\\u043e\\u0433\\u043e \\u0447\\u043b\\u0435\\u043d\\u0430\"}},{\"name\":\"\",\"type\":\"grid_item\",\"props\":{\"title\":\"\\u041f\\u0430\\u0440\\u0430\\u0444\\u0438\\u043c\\u043e\\u0437\",\"content\":\"\n\n<p>Apr\\u00e8s un d\\u00e9calotage, impossibilit\\u00e9 de recaloter avec douleurs irritations et \\u0153d\\u00e8me du pr\\u00e9puce, peut justifier d\\u2019une posthectomie (circoncision) en urgence.<\\\/p>\"}},{\"name\":\"\",\"type\":\"grid_item\",\"props\":{\"title\":\"\\u0413\\u0438\\u043f\\u043e\\u0441\\u043f\\u0430\\u0434\\u0438\\u044f\",\"content\":\"\n\n<p>Troubles de l\\u2019abouchement du canal urinaire l\\u2019ur\\u00e8tre<\\\/p>\"}},{\"name\":\"\",\"type\":\"grid_item\",\"props\":{\"title\":\"\\u0420\\u0430\\u0437\\u0440\\u044b\\u0432 \\u043a\\u0430\\u0432\\u0435\\u0440\\u043d\\u043e\\u0437\\u043d\\u044b\\u0445 \\u0442\\u0435\\u043b\",\"content\":\"\n\n<p>Fracture de la membrane qui entoure les corps caverneux, survient sur une verge en \\u00e9rection<\\\/p>\"}},{\"name\":\"\",\"type\":\"grid_item\",\"props\":{\"title\":\"\\u0411\\u043e\\u043b\\u0435\\u0437\\u043d\\u044c \\u041f\\u0435\\u0439\\u0440\\u043e\\u043d\\u0438\",\"content\":\"\n\n<p>Coudure de la verge par plaque fibreuse d\\u00e9velopp\\u00e9e sur la membrane qui entoure les corps caverneux, l\\u2019albugin\\u00e9e<\\\/p>\"}},{\"name\":\"\",\"type\":\"grid_item\",\"props\":{\"title\":\"\\u041f\\u0440\\u0438\\u0430\\u043f\\u0438\\u0437\\u043c\",\"content\":\"\n\n<p>Erection permanente de cause soit veineuse soit art\\u00e9rielle<\\\/p>\"}},{\"name\":\"\",\"type\":\"grid_item\",\"props\":{\"title\":\"\\u042d\\u0440\\u0435\\u043a\\u0442\\u0438\\u043b\\u044c\\u043d\\u0430\\u044f \\u0434\\u0438\\u0441\\u0444\\u0443\\u043d\\u043a\\u0446\\u0438\\u044f\",\"content\":\"\n\n<p>Troubles de l\\u2019\\u00e9rection de causes multifactorielles<\\\/p>\"}}]}]}]},{\"name\":\"\",\"type\":\"row\",\"props\":{\"fixed_width\":\"large\",\"breakpoint\":\"m\",\"layout\":\"1-1\"},\"children\":[{\"name\":\"\",\"type\":\"column\",\"props\":{\"widths\":[\"1-1\"],\"image_position\":\"center-center\",\"media_overlay_gradient\":\"\"},\"children\":[{\"name\":\"\",\"type\":\"headline\",\"props\":{\"title_element\":\"h2\",\"content\":\"\\u041b\\u0415\\u0427\\u0415\\u041d\\u0418\\u0415\",\"text_align\":\"center\",\"title_decoration\":\"\",\"title_style\":\"\",\"title_color\":\"\",\"text_align_breakpoint\":\"\",\"text_align_fallback\":\"\",\"maxwidth\":\"\",\"maxwidth_align\":\"\",\"maxwidth_breakpoint\":\"\",\"margin\":\"\",\"animation\":\"\",\"visibility\":\"\"}},{\"name\":\"\",\"type\":\"divider\",\"props\":{\"divider_element\":\"hr\",\"maxwidth\":\"medium\",\"divider_style\":\"icon\",\"maxwidth_align\":\"center\"}},{\"name\":\"\",\"type\":\"table\",\"props\":{\"show_title\":true,\"show_meta\":true,\"show_content\":true,\"show_image\":true,\"show_link\":true,\"table_order\":\"1\",\"table_responsive\":\"responsive\",\"table_width_title\":\"small\",\"table_width_meta\":\"shrink\",\"meta_style\":\"meta\",\"link_text\":\"PDF\",\"link_style\":\"default\",\"link_target\":true,\"table_style\":\"divider\",\"table_hover\":true,\"table_size\":\"\",\"table_last_align\":\"right\",\"table_vertical_align\":true,\"image_svg_color\":\"emphasis\",\"table_width_content\":\"\",\"title_style\":\"\",\"title_color\":\"\",\"meta_color\":\"\",\"content_style\":\"\",\"image_border\":\"\",\"image_box_shadow\":\"\",\"link_size\":\"\",\"text_align\":\"\",\"text_align_breakpoint\":\"\",\"text_align_fallback\":\"\",\"maxwidth\":\"\",\"maxwidth_align\":\"\",\"maxwidth_breakpoint\":\"\",\"margin\":\"\",\"animation\":\"\",\"visibility\":\"\"},\"children\":[{\"name\":\"\",\"type\":\"table_item\",\"props\":{\"title\":\"\\u041f\\u0435\\u043d\\u0438\\u043b\\u044c\\u043d\\u044b\\u0435 \\u0438\\u043c\\u043f\\u043b\\u0430\\u043d\\u0442\\u044b\",\"link\":\"https:\\\/\\\/www.urofrance.org\\\/sites\\\/default\\\/files\\\/fileadmin\\\/documents\\\/data\\\/FI\\\/2012\\\/implant-penien\\\/implant-penien_1.pdf\"}},{\"name\":\"\",\"type\":\"table_item\",\"props\":{\"title\":\"\\u0427\\u0430\\u0441\\u0442\\u0438\\u0447\\u043d\\u0430\\u044f \\u043f\\u0435\\u043d\\u044d\\u043a\\u0442\\u043e\\u043c\\u0438\\u044f\",\"link\":\"https:\\\/\\\/www.urofrance.org\\\/sites\\\/default\\\/files\\\/fileadmin\\\/documents\\\/data\\\/FI\\\/2012\\\/penectomie-partielle\\\/penectomie-partielle_1.pdf\"}},{\"name\":\"\",\"type\":\"table_item\",\"props\":{\"title\":\"\\u0420\\u0430\\u0434\\u0438\\u043a\\u0430\\u043b\\u044c\\u043d\\u0430\\u044f \\u043f\\u0435\\u043d\\u044d\\u043a\\u0442\\u043e\\u043c\\u0438\\u044f\",\"link\":\"https:\\\/\\\/www.urofrance.org\\\/sites\\\/default\\\/files\\\/fileadmin\\\/documents\\\/data\\\/FI\\\/2012\\\/penectomie-totale\\\/penectomie-totale_1.pdf\"}},{\"name\":\"\",\"type\":\"table_item\",\"props\":{\"title\":\"\\u041f\\u043b\\u0430\\u0441\\u0442\\u0438\\u043a\\u0430 \\u043f\\u043e\\u043b\\u043e\\u0432\\u043e\\u0433\\u043e \\u0447\\u043b\\u0435\\u043d\\u0430\",\"link\":\"https:\\\/\\\/www.urofrance.org\\\/sites\\\/default\\\/files\\\/fileadmin\\\/documents\\\/data\\\/FI\\\/2012\\\/plastie-du-frein\\\/plastie-du-frein_1.pdf\"}},{\"name\":\"\",\"type\":\"table_item\",\"props\":{\"title\":\"\\u041e\\u0431\\u0440\\u0435\\u0437\\u0430\\u043d\\u0438\\u0435 \\u0443 \\u0432\\u0437\\u0440\\u043e\\u0441\\u043b\\u044b\\u0445\",\"link\":\"https:\\\/\\\/www.urofrance.org\\\/sites\\\/default\\\/files\\\/fileadmin\\\/documents\\\/data\\\/FI\\\/2012\\\/posthectomie-adulte\\\/posthectomie-adulte_1.pdf\"}},{\"name\":\"\",\"type\":\"table_item\",\"props\":{\"title\":\"\\u041e\\u0431\\u0440\\u0435\\u0437\\u0430\\u043d\\u0438\\u0435 \\u0443 \\u0434\\u0435\\u0442\\u0435\\u0439\",\"link\":\"https:\\\/\\\/www.urofrance.org\\\/sites\\\/default\\\/files\\\/fileadmin\\\/documents\\\/data\\\/FI\\\/2012\\\/posthectomie-enfant\\\/posthectomie-enfant_1.pdf\"}},{\"name\":\"\",\"type\":\"table_item\",\"props\":{\"title\":\"\\u041f\\u0440\\u0438\\u0430\\u043f\\u0438\\u0437\\u043c\",\"link\":\"https:\\\/\\\/www.urofrance.org\\\/sites\\\/default\\\/files\\\/fileadmin\\\/documents\\\/data\\\/FI\\\/2012\\\/shunt-spongio-caverneux\\\/shunt-spongio-caverneux_1.pdf\"}},{\"name\":\"\",\"type\":\"table_item\",\"props\":{\"title\":\"\\u041a\\u043e\\u0440\\u0440\\u0435\\u043a\\u0446\\u0438\\u044f \\u0438\\u0441\\u043a\\u0440\\u0438\\u0432\\u043b\\u0435\\u043d\\u0438\\u044f \\u043f\\u0435\\u043d\\u0438\\u0441\\u0430 \\u0441 \\u043f\\u043e\\u043c\\u043e\\u0449\\u044c\\u044e \\u0440\\u0430\\u0437\\u0440\\u0435\\u0437\\u0430 \\u0438 \\u0442\\u0440\\u0430\\u043d\\u0441\\u043f\\u043b\\u0430\\u043d\\u0442\\u0430\\u0442\\u0430\",\"link\":\"https:\\\/\\\/www.urofrance.org\\\/sites\\\/default\\\/files\\\/fileadmin\\\/documents\\\/data\\\/FI\\\/2012\\\/maladie-de-lapeyronie-incision-greffe\\\/maladie-de-lapeyronie-incision-greffe_1.pdf\"}},{\"name\":\"\",\"type\":\"table_item\",\"props\":{\"title\":\"\\u041a\\u043e\\u0440\\u0440\\u0435\\u043a\\u0446\\u0438\\u044f \\u0438\\u0441\\u043a\\u0440\\u0438\\u0432\\u043b\\u0435\\u043d\\u0438\\u044f \\u043f\\u043e\\u043b\\u043e\\u0432\\u043e\\u0433\\u043e \\u0447\\u043b\\u0435\\u043d\\u0430\",\"link\":\"https:\\\/\\\/www.urofrance.org\\\/sites\\\/default\\\/files\\\/fileadmin\\\/documents\\\/data\\\/FI\\\/2012\\\/maladie-de-lapeyronie-nesbit-yachia\\\/maladie-de-lapeyronie-nesbit-yachia_1.pdf\"}},{\"name\":\"\",\"type\":\"table_item\",\"props\":{\"title\":\"\\u0425\\u0438\\u0440\\u0443\\u0440\\u0433\\u0438\\u0447\\u0435\\u0441\\u043a\\u043e\\u0435 \\u043b\\u0435\\u0447\\u0435\\u043d\\u0438\\u0435 \\u043a\\u0430\\u0432\\u0435\\u0440\\u043d\\u043e\\u0437\\u043d\\u044b\\u0445 \\u0442\\u0435\\u043b\",\"link\":\"https:\\\/\\\/www.urofrance.org\\\/sites\\\/default\\\/files\\\/fileadmin\\\/documents\\\/data\\\/FI\\\/2012\\\/fracture-corps-erectile\\\/fracture-corps-erectile_1.pdf\"}},{\"name\":\"\",\"type\":\"table_item\",\"props\":{\"title\":\"\\u0420\\u0435\\u0437\\u0435\\u043a\\u0446\\u0438\\u044f \\u0441 \\u0430\\u043d\\u0430\\u0441\\u0442\\u043e\\u043c\\u043e\\u0437\\u043e\\u043c\",\"link\":\"https:\\\/\\\/www.urofrance.org\\\/sites\\\/default\\\/files\\\/fileadmin\\\/documents\\\/data\\\/FI\\\/2012\\\/resection-stenose-uretre\\\/resection-stenose-uretre_1.pdf\"}},{\"name\":\"\",\"type\":\"table_item\",\"props\":{\"title\":\"\\u0413\\u043e\\u0440\\u043c\\u043e\\u043d\\u0430\\u043b\\u044c\\u043d\\u043e\\u0435 \\u043b\\u0435\\u0447\\u0435\\u043d\\u0438\\u0435 \\u044d\\u0440\\u0435\\u043a\\u0442\\u0438\\u043b\\u044c\\u043d\\u043e\\u0439 \\u0434\\u0438\\u0441\\u0444\\u0443\\u043d\\u043a\\u0446\\u0438\\u0438\"}},{\"name\":\"\",\"type\":\"table_item\",\"props\":{\"title\":\"\\u041b\\u0435\\u043a\\u0430\\u0440\\u0441\\u0442\\u0432\\u0435\\u043d\\u043d\\u043e\\u0435 \\u043b\\u0435\\u0447\\u0435\\u043d\\u0438\\u0435 \\u044d\\u0440\\u0435\\u043a\\u0442\\u0438\\u043b\\u044c\\u043d\\u043e\\u0439 \\u0434\\u0438\\u0441\\u0444\\u0443\\u043d\\u043a\\u0446\\u0438\\u0438\"}},{\"name\":\"\",\"type\":\"table_item\",\"props\":{\"title\":\"\\u041b\\u0435\\u0447\\u0435\\u043d\\u0438\\u044f \\u044d\\u0440\\u0435\\u043a\\u0442\\u0438\\u043b\\u044c\\u043d\\u043e\\u0439 \\u0434\\u0438\\u0441\\u0444\\u0443\\u043d\\u043a\\u0446\\u0438\\u0438 \\u0448\\u043e\\u043a\\u043e\\u0432\\u043e\\u0439 \\u0432\\u043e\\u043b\\u043d\\u043e\\u0439\"}}]}]}]}]}],\"props\":[],\"version\":\"1.18.15\"} --><\/p>\n","protected":false},"excerpt":{"rendered":"<p>\u041c\u0443\u0436\u0441\u043a\u043e\u0439 \u043f\u043e\u043b\u043e\u0432\u043e\u0439 \u0447\u043b\u0435\u043d\u00a0\u041f\u0410\u0422\u041e\u041b\u041e\u0413\u0418\u0418\u041b\u0415\u0427\u0415\u041d\u0418\u0415 \u041f\u0410\u0422\u041e\u041b\u041e\u0413\u0418\u0418 \u0420\u0430\u043a Plus d&#8217;infos \u0418\u0437\u043c\u0435\u043d\u0435\u043d\u0438\u0435 \u0434\u043b\u0438\u043d\u044b \u043c\u0443\u0436\u0441\u043a\u043e\u0433\u043e \u043f\u043e\u043b\u043e\u0432\u043e\u0433\u043e \u0447\u043b\u0435\u043d\u0430 \u041f\u0430\u0440\u0430\u0444\u0438\u043c\u043e\u0437 Apr\u00e8s un d\u00e9calotage, impossibilit\u00e9 de recaloter avec douleurs irritations et \u0153d\u00e8me du pr\u00e9puce, peut justifier d\u2019une posthectomie (circoncision) en urgence. \u0413\u0438\u043f\u043e\u0441\u043f\u0430\u0434\u0438\u044f Troubles de l\u2019abouchement du canal urinaire l\u2019ur\u00e8tre \u0420\u0430\u0437\u0440\u044b\u0432 \u043a\u0430\u0432\u0435\u0440\u043d\u043e\u0437\u043d\u044b\u0445 \u0442\u0435\u043b Fracture de la membrane qui entoure les corps caverneux, survient sur [&hellip;]<\/p>\n","protected":false},"author":1,"featured_media":0,"parent":0,"menu_order":0,"comment_status":"closed","ping_status":"closed","template":"","meta":{"footnotes":""},"class_list":["post-331","page","type-page","status-publish","hentry"],"_links":{"self":[{"href":"https:\/\/www.clinique-care.com\/ru\/wp-json\/wp\/v2\/pages\/331","targetHints":{"allow":["GET"]}}],"collection":[{"href":"https:\/\/www.clinique-care.com\/ru\/wp-json\/wp\/v2\/pages"}],"about":[{"href":"https:\/\/www.clinique-care.com\/ru\/wp-json\/wp\/v2\/types\/page"}],"author":[{"embeddable":true,"href":"https:\/\/www.clinique-care.com\/ru\/wp-json\/wp\/v2\/users\/1"}],"replies":[{"embeddable":true,"href":"https:\/\/www.clinique-care.com\/ru\/wp-json\/wp\/v2\/comments?post=331"}],"version-history":[{"count":5,"href":"https:\/\/www.clinique-care.com\/ru\/wp-json\/wp\/v2\/pages\/331\/revisions"}],"predecessor-version":[{"id":1101,"href":"https:\/\/www.clinique-care.com\/ru\/wp-json\/wp\/v2\/pages\/331\/revisions\/1101"}],"wp:attachment":[{"href":"https:\/\/www.clinique-care.com\/ru\/wp-json\/wp\/v2\/media?parent=331"}],"curies":[{"name":"wp","href":"https:\/\/api.w.org\/{rel}","templated":true}]}}