{"id":323,"date":"2018-05-17T13:18:06","date_gmt":"2018-05-17T11:18:06","guid":{"rendered":"https:\/\/www.clinique-care.com\/?page_id=323"},"modified":"2018-11-21T10:54:59","modified_gmt":"2018-11-21T09:54:59","slug":"prostate","status":"publish","type":"page","link":"https:\/\/www.clinique-care.com\/ru\/prostate\/","title":{"rendered":"\u041f\u0440\u0435\u0434\u0441\u0442\u0430\u0442\u0435\u043b\u044c\u043d\u0430\u044f \u0416\u0435\u043b\u0435\u0437\u0430"},"content":{"rendered":"<p>La Prostate\u00a0Pathologieset traitements<\/p>\n<p>Pathologies<\/p>\n<p>Maladie tr\u00e8s fr\u00e9quente \u00e9voluant \u00e0 bas bruit sans sympt\u00f4mes, ce qui justifie son d\u00e9pistage par les urologues, car souvent, d\u00e9pist\u00e9 t\u00f4t la maladie est curable.<\/p>\n<p>C\u2019est une forme de vieillissement de la glande prostatique, qui touchera tous les hommes, \u00e0 diff\u00e9rents degr\u00e9s. Les traitements ont pour but de r\u00e9tablir un confort urinaire et d\u2019\u00e9viter l\u2019apparition de complications.<\/p>\n<p>La plupart du temps elle est iatrog\u00e8ne, c\u2019est \u00e0 dire provoqu\u00e9e par des traitements, mais elle peut aussi \u00eatre d\u2019origine v\u00e9sicale ou sphinct\u00e9rienne ou encore neurologique, l\u2019urologue est la sp\u00e9cialit\u00e9 habilit\u00e9e par ses connaissances \u00e0 traiter cette pathologie.<\/p>\n<p>C\u2019est le fait d\u2019aller uriner trop souvent, de jour ou de nuit ou les deux, elle traduit soit des troubles de la prostate, de la vessie ou encore infectieux voire tumoraux sans oublier les causes m\u00e9dicamenteuses.<\/p>\n<p>Blocage urinaire douloureux qu\u2019il convient de traiter en urgence qui peut \u00eatre confondu avec des faux besoins d\u2019uriner.<\/p>\n<p>Pathologie fr\u00e9quente d\u2019inflammation de la glande prostatique li\u00e9e souvent au vieillissent de cette glande, mais peut aussi se voir plus jeune en rapport \u00e0 des relations sexuelles, ce n\u2019est pas une maladie sexuellement transmissible.<\/p>\n<p>Traitements<\/p>\n<p>Voir la vid\u00e9o<\/p>\n<p><!-- {\"name\":\"\",\"type\":\"layout\",\"children\":[{\"name\":\"Titre\",\"type\":\"section\",\"props\":{\"style\":\"default\",\"width\":\"default\",\"vertical_align\":\"middle\",\"title_position\":\"bottom-left\",\"title_rotation\":\"left\",\"title_breakpoint\":\"xl\",\"image_position\":\"center-center\",\"image\":\"wp-content\\\/uploads\\\/2018\\\/05\\\/lance-anderson-256077-unsplash.jpg\",\"padding\":\"large\",\"padding_remove_top\":false,\"media_background\":\"#baa993\",\"media_blend_mode\":\"multiply\",\"image_size\":\"cover\",\"image_effect\":\"parallax\",\"image_parallax_bgx_start\":\"-100\",\"image_parallax_bgx_end\":\"100\",\"image_parallax_bgy_start\":\"-200\",\"image_parallax_bgy_end\":\"200\",\"text_color\":\"light\",\"title\":\"Prostate\",\"height\":\"\"},\"children\":[{\"name\":\"\",\"type\":\"row\",\"props\":{\"fixed_width\":\"large\",\"breakpoint\":\"m\",\"layout\":\"1-1\",\"vertical_align\":true},\"children\":[{\"name\":\"\",\"type\":\"column\",\"props\":{\"widths\":[\"1-1\"],\"image_position\":\"center-center\",\"style\":\"\"},\"children\":[{\"name\":\"\",\"type\":\"headline\",\"props\":{\"title_element\":\"h1\",\"content\":\"\n\n<p><strong>La Prostate<\\\/strong>\\u00a0<br \\\/>Pathologies<br \\\/>et traitements<\\\/p>\",\"title_style\":\"\",\"title_decoration\":\"line\"}}]}]}]},{\"name\":\"Organe\",\"type\":\"section\",\"props\":{\"style\":\"default\",\"width\":\"default\",\"vertical_align\":\"middle\",\"title_position\":\"top-left\",\"title_rotation\":\"left\",\"title_breakpoint\":\"xl\",\"image_position\":\"center-center\"},\"children\":[{\"name\":\"\",\"type\":\"row\",\"props\":{\"fixed_width\":\"large\",\"breakpoint\":\"m\",\"layout\":\"1-1\"},\"children\":[{\"name\":\"\",\"type\":\"column\",\"props\":{\"widths\":[\"1-1\"],\"image_position\":\"center-center\"},\"children\":[{\"name\":\"\",\"type\":\"headline\",\"props\":{\"title_element\":\"h2\",\"content\":\"Pathologies\",\"text_align\":\"center\",\"title_decoration\":\"\"}},{\"name\":\"\",\"type\":\"divider\",\"props\":{\"divider_element\":\"hr\",\"maxwidth\":\"medium\",\"divider_style\":\"icon\",\"maxwidth_align\":\"center\"}},{\"name\":\"\",\"type\":\"image\",\"props\":{\"margin\":\"default\",\"text_align\":\"center\",\"link_target\":\"\",\"image_border\":\"\",\"image_box_shadow\":\"\",\"image_hover_box_shadow\":\"\",\"text_align_breakpoint\":\"\",\"text_align_fallback\":\"\",\"maxwidth\":\"\",\"maxwidth_align\":\"\",\"maxwidth_breakpoint\":\"\",\"animation\":\"\",\"visibility\":\"\",\"image\":\"wp-content\\\/uploads\\\/2018\\\/11\\\/prostate.jpg\",\"image_width\":\"400\",\"image_height\":\"250\"}},{\"name\":\"\",\"type\":\"grid\",\"props\":{\"show_title\":true,\"show_meta\":true,\"show_content\":true,\"show_image\":true,\"show_link\":true,\"grid_default\":\"1\",\"grid_medium\":\"2\",\"title_element\":\"h3\",\"meta_style\":\"meta\",\"meta_align\":\"bottom\",\"icon_ratio\":4,\"image_align\":\"between\",\"image_grid_width\":\"1-2\",\"image_breakpoint\":\"m\",\"link_text\":\"Plus d'infos\",\"link_style\":\"text\",\"margin\":\"default\",\"link_target\":true,\"panel_style\":\"card-hover\",\"title_style\":\"\",\"title_color\":\"primary\",\"gutter\":\"\",\"grid_small\":\"\",\"grid_large\":\"\",\"grid_xlarge\":\"\",\"filter_margin\":\"\",\"filter_gutter\":\"\",\"title_display\":\"\",\"content_display\":\"\",\"panel_size\":\"\",\"item_maxwidth\":\"\",\"title_decoration\":\"\",\"meta_margin\":\"\",\"content_style\":\"\",\"image_border\":\"\",\"image_box_shadow\":\"\",\"image_hover_box_shadow\":\"\",\"icon_color\":\"\",\"image_gutter\":\"\",\"link_size\":\"\",\"text_align\":\"\",\"text_align_breakpoint\":\"\",\"text_align_fallback\":\"\",\"maxwidth\":\"\",\"maxwidth_align\":\"\",\"maxwidth_breakpoint\":\"\",\"item_animation\":\"\",\"visibility\":\"\"},\"children\":[{\"name\":\"\",\"type\":\"grid_item\",\"props\":{\"title\":\"Cancer\",\"link\":\"https:\\\/\\\/www.urofrance.org\\\/sites\\\/default\\\/files\\\/fileadmin\\\/documents\\\/data\\\/FI\\\/2011\\\/cancer-prostate\\\/main_1.pdf\",\"content\":\"\n\n<p>Maladie tr\\u00e8s fr\\u00e9quente \\u00e9voluant \\u00e0 bas bruit sans sympt\\u00f4mes, ce qui justifie son d\\u00e9pistage par les urologues, car souvent, d\\u00e9pist\\u00e9 t\\u00f4t la maladie est curable.<\\\/p>\",\"image\":\"\",\"meta\":\"\"}},{\"name\":\"\",\"type\":\"grid_item\",\"props\":{\"title\":\"Hypertrophie (hyperplasie) b\\u00e9nigne\",\"image\":\"\",\"link\":\"sites\\\/default\\\/files\\\/fileadmin\\\/documents\\\/data\\\/FI\\\/2011\\\/hypertrophie-prostatique\\\/main_0.pdf\",\"content\":\"\n\n<p>C\\u2019est une forme de vieillissement de la glande prostatique, qui touchera tous les hommes, \\u00e0 diff\\u00e9rents degr\\u00e9s. Les traitements ont pour but de r\\u00e9tablir un confort urinaire et d\\u2019\\u00e9viter l\\u2019apparition de complications.<\\\/p>\"}},{\"name\":\"\",\"type\":\"grid_item\",\"props\":{\"title\":\"Incontinence urinaire chez l\\u2019homme\",\"link\":\"https:\\\/\\\/www.urofrance.org\\\/sites\\\/default\\\/files\\\/fileadmin\\\/documents\\\/data\\\/FI\\\/2011\\\/incontinence-urinaire-masculine\\\/main_0.pdf\",\"image\":\"\",\"content\":\"\n\n<p>La plupart du temps elle est iatrog\\u00e8ne, c\\u2019est \\u00e0 dire provoqu\\u00e9e par des traitements, mais elle peut aussi \\u00eatre d\\u2019origine v\\u00e9sicale ou sphinct\\u00e9rienne ou encore neurologique, l\\u2019urologue est la sp\\u00e9cialit\\u00e9 habilit\\u00e9e par ses connaissances \\u00e0 traiter cette pathologie.<\\\/p>\"}},{\"name\":\"\",\"type\":\"grid_item\",\"props\":{\"title\":\"Pollakiurie\",\"image\":\"\",\"link\":\"https:\\\/\\\/www.urofrance.org\\\/sites\\\/default\\\/files\\\/fileadmin\\\/documents\\\/data\\\/FI\\\/2011\\\/pollakiurie\\\/main_0.pdf\",\"content\":\"\n\n<p>C\\u2019est le fait d\\u2019aller uriner trop souvent, de jour ou de nuit ou les deux, elle traduit soit des troubles de la prostate, de la vessie ou encore infectieux voire tumoraux sans oublier les causes m\\u00e9dicamenteuses.<\\\/p>\"}},{\"name\":\"\",\"type\":\"grid_item\",\"props\":{\"title\":\"R\\u00e9tention d\\u2019urine\",\"link\":\"https:\\\/\\\/www.urofrance.org\\\/sites\\\/default\\\/files\\\/fileadmin\\\/documents\\\/data\\\/FI\\\/2011\\\/retention-urine\\\/main_0.pdf\",\"icon\":\"\",\"content\":\"\n\n<p>Blocage urinaire douloureux qu\\u2019il convient de traiter en urgence qui peut \\u00eatre confondu avec des faux besoins d\\u2019uriner.<\\\/p>\"}},{\"name\":\"\",\"type\":\"grid_item\",\"props\":{\"title\":\"Prostatite chronique et aig\\u00fce\",\"link\":\"\",\"icon\":\"\",\"content\":\"\n\n<p>Pathologie fr\\u00e9quente d\\u2019inflammation de la glande prostatique li\\u00e9e souvent au vieillissent de cette glande, mais peut aussi se voir plus jeune en rapport \\u00e0 des relations sexuelles, ce n\\u2019est pas une maladie sexuellement transmissible.<\\\/p>\"}}]}]}]},{\"name\":\"\",\"type\":\"row\",\"props\":{\"fixed_width\":\"large\",\"breakpoint\":\"m\",\"layout\":\"1-1\"},\"children\":[{\"name\":\"\",\"type\":\"column\",\"props\":{\"widths\":[\"1-1\"],\"image_position\":\"center-center\"},\"children\":[{\"name\":\"\",\"type\":\"headline\",\"props\":{\"title_element\":\"h2\",\"content\":\"Traitements\",\"text_align\":\"center\",\"title_decoration\":\"\"}},{\"name\":\"\",\"type\":\"divider\",\"props\":{\"divider_element\":\"hr\",\"maxwidth\":\"medium\",\"divider_style\":\"icon\",\"maxwidth_align\":\"center\"}},{\"name\":\"\",\"type\":\"table\",\"props\":{\"show_title\":true,\"show_meta\":true,\"show_content\":true,\"show_image\":true,\"show_link\":true,\"table_order\":\"1\",\"table_responsive\":\"responsive\",\"table_width_title\":\"\",\"table_width_meta\":\"shrink\",\"meta_style\":\"meta\",\"link_text\":\"PDF\",\"link_style\":\"default\",\"link_target\":true,\"table_style\":\"divider\",\"table_hover\":true,\"table_size\":\"\",\"table_last_align\":\"right\",\"table_vertical_align\":true,\"table_width_content\":\"shrink\",\"title_style\":\"\",\"title_color\":\"\",\"content_style\":\"\",\"image_border\":\"\",\"image_box_shadow\":\"\",\"link_size\":\"\",\"text_align\":\"\",\"text_align_breakpoint\":\"\",\"text_align_fallback\":\"\",\"maxwidth\":\"\",\"maxwidth_align\":\"\",\"maxwidth_breakpoint\":\"\",\"margin\":\"\",\"animation\":\"\",\"visibility\":\"\"},\"children\":[{\"name\":\"\",\"type\":\"table_item\",\"props\":{\"title\":\"Ad\\u00e9nomectomie prostatique chirurgicale\",\"link\":\"https:\\\/\\\/www.urofrance.org\\\/sites\\\/default\\\/files\\\/fileadmin\\\/documents\\\/data\\\/FI\\\/2012\\\/adenomectomie-prostate\\\/adenomectomie-prostate_6.pdf\"}},{\"name\":\"\",\"type\":\"table_item\",\"props\":{\"title\":\"Bandelette sous-ur\\u00e9trale transobturatrice pour le traitement d\\u2019une incontinence urinaire d\\u2019effort  masculine apr\\u00e8s chirurgie prostatique\",\"link\":\"https:\\\/\\\/www.urofrance.org\\\/sites\\\/default\\\/files\\\/fileadmin\\\/documents\\\/data\\\/FI\\\/2012\\\/bandelette-sous-uretrale-transobturatrice-homme\\\/bandelette-sous-uretrale-transobturatrice-homme_1.pdf\"}},{\"name\":\"\",\"type\":\"table_item\",\"props\":{\"title\":\"Biopsie \\u00e9cho guid\\u00e9e de la prostate\",\"link\":\"https:\\\/\\\/www.urofrance.org\\\/sites\\\/default\\\/files\\\/fileadmin\\\/documents\\\/data\\\/FI\\\/2012\\\/biopsie-prostate\\\/biopsie-prostate_1.pdf\"}},{\"name\":\"\",\"type\":\"table_item\",\"props\":{\"title\":\"Curage ganglionnaire pour cancer de la prostate\",\"link\":\"https:\\\/\\\/www.urofrance.org\\\/sites\\\/default\\\/files\\\/fileadmin\\\/documents\\\/data\\\/FI\\\/2012\\\/curage-ganglionnaire-cancer-prostate\\\/curage-ganglionnaire-cancer-prostate_1.pdf\"}},{\"name\":\"\",\"type\":\"table_item\",\"props\":{\"title\":\"Curieth\\u00e9rapie de la prostate\",\"link\":\"https:\\\/\\\/www.urofrance.org\\\/sites\\\/default\\\/files\\\/fileadmin\\\/documents\\\/data\\\/FI\\\/2012\\\/curietherapie\\\/curietherapie_1.pdf\"}},{\"name\":\"\",\"type\":\"table_item\",\"props\":{\"title\":\"HIFU Traitement du cancer de la prostate par ultrasons focalis\\u00e9s de haute intensit\\u00e9\",\"link\":\"https:\\\/\\\/www.urofrance.org\\\/sites\\\/default\\\/files\\\/fileadmin\\\/documents\\\/data\\\/FI\\\/2012\\\/hifu\\\/hifu_1.pdf\",\"content\":\"<a href=\\\"https:\\\/\\\/youtu.be\\\/VlS3fWuo-i0\\\" target=\\\"_blank\\\" rel=\\\"noopener\\\">Voir la vid\\u00e9o<\\\/a>\"}},{\"name\":\"\",\"type\":\"table_item\",\"props\":{\"link\":\"https:\\\/\\\/www.urofrance.org\\\/sites\\\/default\\\/files\\\/fileadmin\\\/documents\\\/data\\\/FI\\\/2012\\\/incision-cervico-prostatique\\\/incision-cervico-prostatique_1.pdf\",\"title\":\"Incision cervico prostatique\"}},{\"name\":\"\",\"type\":\"table_item\",\"props\":{\"title\":\"Prostatectomie totale\",\"link\":\"https:\\\/\\\/www.urofrance.org\\\/sites\\\/default\\\/files\\\/fileadmin\\\/documents\\\/data\\\/FI\\\/2012\\\/prostatectomie-totale\\\/prostatectomie-totale_1.pdf\"}},{\"name\":\"\",\"type\":\"table_item\",\"props\":{\"title\":\"Pulpectomie testiculaire pour cancer de la prostate\",\"link\":\"https:\\\/\\\/www.urofrance.org\\\/sites\\\/default\\\/files\\\/fileadmin\\\/documents\\\/data\\\/FI\\\/2012\\\/pulpectomie\\\/pulpectomie_1.pdf\"}},{\"name\":\"\",\"type\":\"table_item\",\"props\":{\"title\":\"R\\u00e9section endoscopique (et vaporisation \\u00e9lectrique) de la prostate\",\"link\":\"https:\\\/\\\/www.urofrance.org\\\/sites\\\/default\\\/files\\\/fileadmin\\\/documents\\\/data\\\/FI\\\/2012\\\/resection-endoscopique-prostate\\\/resection-endoscopique-prostate_1.pdf\"}},{\"name\":\"\",\"type\":\"table_item\",\"props\":{\"title\":\"Sphincter artificiel pour le traitement d\\u2019une incontinence urinaire masculine apr\\u00e8s chirurgie prostatique\",\"link\":\"https:\\\/\\\/www.urofrance.org\\\/sites\\\/default\\\/files\\\/fileadmin\\\/documents\\\/data\\\/FI\\\/2012\\\/sphincter-artificiel-homme\\\/sphincter-artificiel-homme_1.pdf\"}},{\"name\":\"\",\"type\":\"table_item\",\"props\":{\"title\":\"Surveillance active pour cancer de la prostate\",\"link\":\"https:\\\/\\\/www.urofrance.org\\\/sites\\\/default\\\/files\\\/fileadmin\\\/documents\\\/data\\\/FI\\\/2012\\\/surveillance-active\\\/surveillance-active_1.pdf\"}},{\"name\":\"\",\"type\":\"table_item\",\"props\":{\"title\":\"Traitement par laser de l\\u2019hypertrophie b\\u00e9nigne de la prostate (ad\\u00e9nome de la prostate)\",\"link\":\"https:\\\/\\\/www.urofrance.org\\\/sites\\\/default\\\/files\\\/fileadmin\\\/documents\\\/data\\\/FI\\\/2012\\\/laser-prostate\\\/laser-prostate_1.pdf\"}},{\"name\":\"\",\"type\":\"table_item\",\"props\":{\"title\":\"Traitement par radiofr\\u00e9quence de l\\u2019hypertrophie b\\u00e9nigne de la prostate\",\"link\":\"https:\\\/\\\/www.urofrance.org\\\/sites\\\/default\\\/files\\\/fileadmin\\\/documents\\\/data\\\/FI\\\/2012\\\/radiofrequence-prostate\\\/radiofrequence-prostate_1.pdf\"}},{\"name\":\"\",\"type\":\"table_item\",\"props\":{\"title\":\"R\\u00e9section endoscopique de la prostate (par vaporisation laser Greenlight)\",\"link\":\"https:\\\/\\\/www.urofrance.org\\\/sites\\\/default\\\/files\\\/fileadmin\\\/documents\\\/data\\\/FI\\\/2012\\\/laser-greenlight\\\/laser-greenlight_1.pdf\"}}]}]}]}]}]} --><\/p>\n","protected":false},"excerpt":{"rendered":"<p>La Prostate\u00a0Pathologieset traitements Pathologies Maladie tr\u00e8s fr\u00e9quente \u00e9voluant \u00e0 bas bruit sans sympt\u00f4mes, ce qui justifie son d\u00e9pistage par les urologues, car souvent, d\u00e9pist\u00e9 t\u00f4t la maladie est curable. C\u2019est une forme de vieillissement de la glande prostatique, qui touchera tous les hommes, \u00e0 diff\u00e9rents degr\u00e9s. Les traitements ont pour but de r\u00e9tablir un confort [&hellip;]<\/p>\n","protected":false},"author":1,"featured_media":0,"parent":0,"menu_order":0,"comment_status":"closed","ping_status":"closed","template":"","meta":{"footnotes":""},"class_list":["post-323","page","type-page","status-publish","hentry"],"_links":{"self":[{"href":"https:\/\/www.clinique-care.com\/ru\/wp-json\/wp\/v2\/pages\/323","targetHints":{"allow":["GET"]}}],"collection":[{"href":"https:\/\/www.clinique-care.com\/ru\/wp-json\/wp\/v2\/pages"}],"about":[{"href":"https:\/\/www.clinique-care.com\/ru\/wp-json\/wp\/v2\/types\/page"}],"author":[{"embeddable":true,"href":"https:\/\/www.clinique-care.com\/ru\/wp-json\/wp\/v2\/users\/1"}],"replies":[{"embeddable":true,"href":"https:\/\/www.clinique-care.com\/ru\/wp-json\/wp\/v2\/comments?post=323"}],"version-history":[{"count":4,"href":"https:\/\/www.clinique-care.com\/ru\/wp-json\/wp\/v2\/pages\/323\/revisions"}],"predecessor-version":[{"id":507,"href":"https:\/\/www.clinique-care.com\/ru\/wp-json\/wp\/v2\/pages\/323\/revisions\/507"}],"wp:attachment":[{"href":"https:\/\/www.clinique-care.com\/ru\/wp-json\/wp\/v2\/media?parent=323"}],"curies":[{"name":"wp","href":"https:\/\/api.w.org\/{rel}","templated":true}]}}